{"id":29483,"date":"2026-02-12T09:54:30","date_gmt":"2026-02-12T08:54:30","guid":{"rendered":"https:\/\/cruisespotter.de\/?page_id=29483"},"modified":"2026-04-21T22:27:31","modified_gmt":"2026-04-21T20:27:31","slug":"schiffsradar","status":"publish","type":"page","link":"https:\/\/cruisespotter.de\/en\/schiffsradar\/","title":{"rendered":"Schiffsradar"},"content":{"rendered":"\t\t<div data-elementor-type=\"wp-page\" data-elementor-id=\"29483\" class=\"elementor elementor-29483\" data-elementor-post-type=\"page\">\n\t\t\t\t<div class=\"wd-negative-gap elementor-element elementor-element-54a6696 e-flex e-con-boxed e-con e-parent\" data-id=\"54a6696\" data-element_type=\"container\" data-e-type=\"container\">\n\t\t\t\t\t<div class=\"e-con-inner\">\n\t\t\t\t<div class=\"elementor-element elementor-element-5555f54 wd-width-100 elementor-widget elementor-widget-wd_title\" data-id=\"5555f54\" data-element_type=\"widget\" data-e-type=\"widget\" data-widget_type=\"wd_title.default\">\n\t\t\t\t<div class=\"elementor-widget-container\">\n\t\t\t\t\t\t\t<div class=\"title-wrapper wd-set-mb reset-last-child wd-title-color-primary wd-title-style-underlined wd-title-size-medium text-left\">\n\n\t\t\t\t\t\t\t\t\t\t\t<div class=\"title-subtitle subtitle-color-primary subtitle-style-default wd-fontsize-xs\">\n\t\t\t\t\tDen Herzschlag der Meere in Echtzeit verfolgen\t\t\t\t<\/div>\n\t\t\t\n\t\t\t<div class=\"liner-continer\">\n\t\t\t\t<h4 class=\"woodmart-title-container title wd-fontsize-xl\">Wo kreuzen die Schiffe aktuell?<\/h4> \n\t\t\t\t\t\t\t<\/div>\n\n\t\t\t\t\t\t\t<div class=\"title-after_title reset-last-child wd-fontsize-s\">\n\t\t\t\t\t<p>Damit du wei\u00dft, welche Schiffe gerade Kurs auf Warnem\u00fcnde nehmen oder wo sich dein Lieblingsmotiv aus unserem <b>Kontor<\/b> aktuell befindet, haben wir hier das Radar f\u00fcr dich scharfgeschaltet.<\/p>\t\t\t\t<\/div>\n\t\t\t\t\t<\/div>\n\t\t\t\t\t\t<\/div>\n\t\t\t\t<\/div>\n\t\t\t\t<div class=\"elementor-element elementor-element-9e762c9 elementor-widget elementor-widget-html\" data-id=\"9e762c9\" data-element_type=\"widget\" data-e-type=\"widget\" data-widget_type=\"html.default\">\n\t\t\t\t\t<script type=\"text\/javascript\">\n    var width=\"100%\";\n    var height=\"300\";\n    var latitude=\"54.11261\";\n    var longitude=\"11.35055\";\n    var zoom=\"8\";\n<\/script>\n<script type=\"text\/javascript\" src=\"https:\/\/www.vesselfinder.com\/aismap.js\"><\/script>\t\t\t\t<\/div>\n\t\t\t\t<div class=\"elementor-element elementor-element-5fb494c elementor-hidden-desktop elementor-hidden-tablet elementor-hidden-mobile elementor-widget elementor-widget-html\" data-id=\"5fb494c\" data-element_type=\"widget\" data-e-type=\"widget\" data-widget_type=\"html.default\">\n\t\t\t\t\t<script type=\"text\/javascript\">\n    var width=\"100%\";\n    var height=\"300\";\n    var latitude=\"54.11261\";\n    var longitude=\"11.35055\";\n    var zoom=\"8\";\n<\/script>\n<script type=\"text\/javascript\" src=\"https:\/\/www.vesselfinder.com\/aismap.js\"><\/script>\t\t\t\t<\/div>\n\t\t\t\t<div class=\"elementor-element elementor-element-01f58da elementor-widget elementor-widget-image\" data-id=\"01f58da\" data-element_type=\"widget\" data-e-type=\"widget\" data-widget_type=\"image.default\">\n\t\t\t\t\t\t\t\t\t\t\t\t\t\t\t<img loading=\"lazy\" decoding=\"async\" width=\"229\" height=\"72\" src=\"https:\/\/cruisespotter.de\/wp-content\/themes\/woodmart\/images\/lazy.svg\" data-src=\"https:\/\/cruisespotter.de\/wp-content\/uploads\/2026\/01\/logo-cruisespotter-web.svg\" class=\"attachment-large size-large wp-image-29094\" alt=\"Logo Cruisespotter\" \/>\t\t\t\t\t\t\t\t\t\t\t\t\t\t\t<\/div>\n\t\t\t\t<div class=\"elementor-element elementor-element-a155dda color-scheme-inherit text-left elementor-widget elementor-widget-text-editor\" data-id=\"a155dda\" data-element_type=\"widget\" data-e-type=\"widget\" data-widget_type=\"text-editor.default\">\n\t\t\t\t\t\t\t\t\t<h3 data-path-to-node=\"3\">Du hast ein Schiff im Visier?<\/h3><p data-path-to-node=\"4\">Die Radarstation gibt dir den \u00dcberblick, aber unsere Fotografie bringt dir das Gef\u00fchl. Wenn du gerade ein Schiff auf der Karte beobachtest, das dein Herz h\u00f6herschlagen l\u00e4sst \u2013 sei es die <b data-path-to-node=\"4\" data-index-in-node=\"187\">Mein Schiff 7<\/b>, ein majest\u00e4tischer Oceanliner oder ein seltener Gast in Warnem\u00fcnde \u2013 dann schau doch mal in unserem <a href=\"https:\/\/cruisespotter.de\/bordshop\/\"><b data-path-to-node=\"4\" data-index-in-node=\"302\">Bordshop<\/b><\/a> vorbei.<b data-path-to-node=\"7\" data-index-in-node=\"0\"><\/b><\/p>\t\t\t\t\t\t\t\t<\/div>\n\t\t\t\t\t<\/div>\n\t\t\t\t<\/div>\n\t\t<div class=\"elementor-element elementor-element-8d559ad wd-section-stretch e-flex e-con-boxed e-con e-parent\" data-id=\"8d559ad\" data-element_type=\"container\" data-e-type=\"container\" data-settings=\"{&quot;background_background&quot;:&quot;gradient&quot;}\">\n\t\t\t\t\t<div class=\"e-con-inner\">\n\t\t\t\t<div class=\"elementor-element elementor-element-935c606 wd-width-100 elementor-widget elementor-widget-wd_title\" data-id=\"935c606\" data-element_type=\"widget\" data-e-type=\"widget\" data-widget_type=\"wd_title.default\">\n\t\t\t\t<div class=\"elementor-widget-container\">\n\t\t\t\t\t\t\t<div class=\"title-wrapper wd-set-mb reset-last-child wd-title-color-default wd-title-style-default wd-title-size-default text-center\">\n\n\t\t\t\n\t\t\t<div class=\"liner-continer\">\n\t\t\t\t<h3 class=\"woodmart-title-container title wd-fontsize-l\">\ud83d\udea2  Exklusive Spar-Vorteile f\u00fcr deinen n\u00e4chsten Einkauf<\/h3> \n\t\t\t\t\t\t\t<\/div>\n\n\t\t\t\t\t\t\t<div class=\"title-after_title reset-last-child wd-fontsize-xs\">\n\t\t\t\t\t<p>Statte dich jetzt aus und lass dir dein Bordguthaben automatisch im Warenkorb abziehen!<\/p>\t\t\t\t<\/div>\n\t\t\t\t\t<\/div>\n\t\t\t\t\t\t<\/div>\n\t\t\t\t<\/div>\n\t\t<div class=\"elementor-element elementor-element-02a861f e-con-full e-flex e-con e-child\" data-id=\"02a861f\" data-element_type=\"container\" data-e-type=\"container\">\n\t\t<div class=\"elementor-element elementor-element-6bfb2bf e-con-full e-grid e-con e-child\" data-id=\"6bfb2bf\" data-element_type=\"container\" data-e-type=\"container\">\n\t\t<div class=\"elementor-element elementor-element-4cf3c8a e-con-full e-flex e-con e-child\" data-id=\"4cf3c8a\" data-element_type=\"container\" data-e-type=\"container\" data-settings=\"{&quot;background_background&quot;:&quot;classic&quot;}\">\n\t\t\t\t<div class=\"elementor-element elementor-element-697f16f wd-width-100 elementor-widget elementor-widget-wd_title\" data-id=\"697f16f\" data-element_type=\"widget\" data-e-type=\"widget\" data-widget_type=\"wd_title.default\">\n\t\t\t\t<div class=\"elementor-widget-container\">\n\t\t\t\t\t\t\t<div class=\"title-wrapper wd-set-mb reset-last-child wd-title-color-default wd-title-style-default wd-title-size-default text-center\">\n\n\t\t\t\n\t\t\t<div class=\"liner-continer\">\n\t\t\t\t<h3 class=\"woodmart-title-container title wd-fontsize-l\">5% Bordguthaben<\/h3> \n\t\t\t\t\t\t\t<\/div>\n\n\t\t\t\t\t\t\t<div class=\"title-after_title reset-last-child wd-fontsize-xs\">\n\t\t\t\t\t<p>Ab einem Bestellwert von 100\u20ac<\/p>\t\t\t\t<\/div>\n\t\t\t\t\t<\/div>\n\t\t\t\t\t\t<\/div>\n\t\t\t\t<\/div>\n\t\t\t\t<div class=\"elementor-element elementor-element-5e0d9c8 elementor-align-center elementor-widget elementor-widget-button\" data-id=\"5e0d9c8\" data-element_type=\"widget\" data-e-type=\"widget\" data-widget_type=\"button.default\">\n\t\t\t\t\t\t\t\t\t\t<a class=\"elementor-button elementor-button-link elementor-size-sm\" href=\"https:\/\/cruisespotter.de\/bordshop\/\">\n\t\t\t\t\t\t<span class=\"elementor-button-content-wrapper\">\n\t\t\t\t\t\t\t\t\t<span class=\"elementor-button-text\">AKTIVIERT<\/span>\n\t\t\t\t\t<\/span>\n\t\t\t\t\t<\/a>\n\t\t\t\t\t\t\t\t<\/div>\n\t\t\t\t<\/div>\n\t\t<div class=\"elementor-element elementor-element-2265745 e-con-full e-flex e-con e-child\" data-id=\"2265745\" data-element_type=\"container\" data-e-type=\"container\" data-settings=\"{&quot;background_background&quot;:&quot;classic&quot;}\">\n\t\t\t\t<div class=\"elementor-element elementor-element-b96e881 elementor-widget elementor-widget-ucaddon_badge\" data-id=\"b96e881\" data-element_type=\"widget\" data-e-type=\"widget\" data-widget_type=\"ucaddon_badge.default\">\n\t\t\t\t<div class=\"elementor-widget-container\">\n\t\t\t\t\t\n<!-- start Badge -->\n\t\t<link id='font-awesome-css' href='https:\/\/cruisespotter.de\/wp-content\/plugins\/unlimited-elements-for-elementor-premium\/assets_libraries\/font-awesome6\/fontawesome-all.min.css' type='text\/css' rel='stylesheet' >\n\t\t<link id='font-awesome-4-shim-css' href='https:\/\/cruisespotter.de\/wp-content\/plugins\/unlimited-elements-for-elementor-premium\/assets_libraries\/font-awesome6\/fontawesome-v4-shims.min.css' type='text\/css' rel='stylesheet' >\n\n<style>\/* widget: Badge *\/\n\n\/* elementor container settings *\/\n\n\/* end elementor container settings *\/\n\n\/* general styles *\/\n#uc_badge_elementor_b96e881{\n  width: 100%;\n  height: 100%;\n  opacity: 0;\n  transition: opacity .2s;\n  min-height: 1px;\n}\n\n#uc_badge_elementor_b96e881.ue-opacity-full{\n  opacity: 1;\n}\n\n#uc_badge_elementor_b96e881 .ue-badge-rotated-forward{\n  overflow: hidden;\n}\n\n#uc_badge_elementor_b96e881 .ue-badge-rotated-reverse{\n  display: flex;\n  justify-content: center;\n  align-items: center;\n\n}\n\n#uc_badge_elementor_b96e881 .ue-badge-container{\n  display: flex;\n  justify-content: center;\n  align-items: center;\n  text-align: center;\n}\n\n#uc_badge_elementor_b96e881 .ue-badge-icon{\n  line-height: 1;\n}\n\/* end general styles *\/\n\n\/* message in editor styles *\/\n#uc_badge_elementor_b96e881 .ue-badge-added{\n  padding: 10px;\n  border: 1px solid grey;\n  background-color: lightgrey;\n  border-radius: 5px;\n  font-size: 12px;\n}\n\/* end message in editor styles *\/\n\n\/* badge side *\/\n\/* desktop *\/\n#uc_badge_elementor_b96e881 .ue-badge-rotated-forward.ue-badge-top-left,\n.uc_badge_elementor_b96e881_elementor_container.ue-badge-top-left{\n  top: 0px !important;\n  left: 0px !important;\n}\n\n#uc_badge_elementor_b96e881 .ue-badge-rotated-forward.ue-badge-top-right,\n.uc_badge_elementor_b96e881_elementor_container.ue-badge-top-right{\n  top: 0px !important;\n  right: 0px !important;\n}\n\n#uc_badge_elementor_b96e881 .ue-badge-rotated-forward.ue-badge-bottom-right,\n.uc_badge_elementor_b96e881_elementor_container.ue-badge-bottom-right{\n  bottom: 0px !important;\n  right: 0px !important;\n}\n\n#uc_badge_elementor_b96e881 .ue-badge-rotated-forward.ue-badge-bottom-left,\n.uc_badge_elementor_b96e881_elementor_container.ue-badge-bottom-left{\n  bottom: 0px !important;\n  left: 0px !important;\n}\n\n\/* tablet *\/\n[data-elementor-device-mode=\"tablet\"] #uc_badge_elementor_b96e881 .ue-badge-rotated-forward.ue-badge-top-left,\n[data-elementor-device-mode=\"tablet\"] .uc_badge_elementor_b96e881_elementor_container.ue-badge-top-left{\n  top:  !important;\n  left:  !important;\n}\n\n[data-elementor-device-mode=\"tablet\"] #uc_badge_elementor_b96e881 .ue-badge-rotated-forward.ue-badge-top-right,\n[data-elementor-device-mode=\"tablet\"] .uc_badge_elementor_b96e881_elementor_container.ue-badge-top-right{\n  top:  !important;\n  right:  !important;\n}\n\n[data-elementor-device-mode=\"tablet\"] #uc_badge_elementor_b96e881 .ue-badge-rotated-forward.ue-badge-bottom-right,\n[data-elementor-device-mode=\"tablet\"] .uc_badge_elementor_b96e881_elementor_container.ue-badge-bottom-right{\n  bottom:  !important;\n  right:  !important;\n}\n\n[data-elementor-device-mode=\"tablet\"] #uc_badge_elementor_b96e881 .ue-badge-rotated-forward.ue-badge-bottom-left,\n[data-elementor-device-mode=\"tablet\"] .uc_badge_elementor_b96e881_elementor_container.ue-badge-bottom-left{\n  bottom:  !important;\n  left:  !important;\n}\n\n\/* mobile *\/\n[data-elementor-device-mode=\"mobile\"] #uc_badge_elementor_b96e881 .ue-badge-rotated-forward.ue-badge-top-left,\n[data-elementor-device-mode=\"mobile\"] .uc_badge_elementor_b96e881_elementor_container.ue-badge-top-left{\n  top:  !important;\n  left:  !important;\n}\n\n[data-elementor-device-mode=\"mobile\"] #uc_badge_elementor_b96e881 .ue-badge-rotated-forward.ue-badge-top-right,\n[data-elementor-device-mode=\"mobile\"] .uc_badge_elementor_b96e881_elementor_container.ue-badge-top-right{\n  top:  !important;\n  right:  !important;\n}\n\n[data-elementor-device-mode=\"mobile\"] #uc_badge_elementor_b96e881 .ue-badge-rotated-forward.ue-badge-bottom-right,\n[data-elementor-device-mode=\"mobile\"] .uc_badge_elementor_b96e881_elementor_container.ue-badge-bottom-right{\n  bottom:  !important;\n  right:  !important;\n}\n\n[data-elementor-device-mode=\"mobile\"] #uc_badge_elementor_b96e881 .ue-badge-rotated-forward.ue-badge-bottom-left,\n[data-elementor-device-mode=\"mobile\"] .uc_badge_elementor_b96e881_elementor_container.ue-badge-bottom-left{\n  bottom:  !important;\n  left:  !important;\n}\n\/* end badge side *\/\n\n\/* badge style strip *\/\n  #uc_badge_elementor_b96e881 .ue-badge-rotated-reverse{\n    width: 150%;\n  }\n\n  #uc_badge_elementor_b96e881 .ue-badge-rotated-forward.ue-badge-top-left{\n    transform: rotate(0deg);\n  }\n\n  #uc_badge_elementor_b96e881 .ue-badge-rotated-forward.ue-badge-top-right{\n    transform: rotate(90deg);\n  }\n\n  #uc_badge_elementor_b96e881 .ue-badge-rotated-forward.ue-badge-bottom-right{\n    transform: rotate(180deg);\n  }\n\n  #uc_badge_elementor_b96e881 .ue-badge-rotated-forward.ue-badge-bottom-left{\n    transform: rotate(-90deg);\n  }\n\t\n\/* end badge style strip *\/\n\n\/* badge style triangle *\/\n\t\n    \n\/* end badge style triangle *\/\n\n\/* badge style bookmark *\/\n\t\n\/* end badge style bookmark *\/\n\n\n\/* badge style square *\/\n\t\n\/* end badge style square *\/\n\n\/* badge style circle *\/\n\t\n\/* end badge style circle *\/\n\n\/* badge style star *\/\n\t\n\/* end badge style star *\/\n\n<\/style>\n\n<div id=\"uc_badge_elementor_b96e881\" class=\"ue-badge\" data-badge-side=\"top-right\">\t\n  <div class=\"ue-badge-rotated-forward\">    \n    <div class=\"ue-badge-rotated-reverse\">\n      <div class=\"ue-badge-container\">\n      \n                  <div class=\"ue-badge-title\">SPAR-DEAL<\/div>\n        \t\n\n              <\/div>\n    <\/div>\n  <\/div>\n<\/div>\n<!-- end Badge -->\t\t\t\t<\/div>\n\t\t\t\t<\/div>\n\t\t\t\t<div class=\"elementor-element elementor-element-73e8496 wd-width-100 elementor-widget elementor-widget-wd_title\" data-id=\"73e8496\" data-element_type=\"widget\" data-e-type=\"widget\" data-widget_type=\"wd_title.default\">\n\t\t\t\t<div class=\"elementor-widget-container\">\n\t\t\t\t\t\t\t<div class=\"title-wrapper wd-set-mb reset-last-child wd-title-color-default wd-title-style-default wd-title-size-default text-center\">\n\n\t\t\t\n\t\t\t<div class=\"liner-continer\">\n\t\t\t\t<h3 class=\"woodmart-title-container title wd-fontsize-l\">10% Kapit\u00e4ns-Bonus<\/h3> \n\t\t\t\t\t\t\t<\/div>\n\n\t\t\t\t\t\t\t<div class=\"title-after_title reset-last-child wd-fontsize-xs\">\n\t\t\t\t\t<p>Ab einem Bestellwert von 200\u20ac<\/p>\t\t\t\t<\/div>\n\t\t\t\t\t<\/div>\n\t\t\t\t\t\t<\/div>\n\t\t\t\t<\/div>\n\t\t\t\t<div class=\"elementor-element elementor-element-86a5de9 elementor-align-center elementor-widget elementor-widget-button\" data-id=\"86a5de9\" data-element_type=\"widget\" data-e-type=\"widget\" data-widget_type=\"button.default\">\n\t\t\t\t\t\t\t\t\t\t<a class=\"elementor-button elementor-button-link elementor-size-sm\" href=\"https:\/\/cruisespotter.de\/bordshop\/\">\n\t\t\t\t\t\t<span class=\"elementor-button-content-wrapper\">\n\t\t\t\t\t\t\t\t\t<span class=\"elementor-button-text\">MAXIMAL SPAREN<\/span>\n\t\t\t\t\t<\/span>\n\t\t\t\t\t<\/a>\n\t\t\t\t\t\t\t\t<\/div>\n\t\t\t\t<\/div>\n\t\t\t\t<\/div>\n\t\t\t\t<\/div>\n\t\t\t\t\t<\/div>\n\t\t\t\t<\/div>\n\t\t\t\t<\/div>\n\t\t","protected":false},"excerpt":{"rendered":"<p>Den Herzschlag der Meere in Echtzeit verfolgen Wo kreuzen die Schiffe aktuell? Damit du wei\u00dft, welche Schiffe gerade Kurs auf<\/p>","protected":false},"author":1,"featured_media":29353,"parent":0,"menu_order":0,"comment_status":"closed","ping_status":"closed","template":"elementor_header_footer","meta":{"footnotes":""},"class_list":["post-29483","page","type-page","status-publish","has-post-thumbnail","hentry"],"yoast_head":"<!-- This site is optimized with the Yoast SEO plugin v27.4 - https:\/\/yoast.com\/product\/yoast-seo-wordpress\/ -->\n<title>Schiffsradar Live-Seekarte: Schiffe tracken in Echtzeit<\/title>\n<meta name=\"description\" content=\"Schiffsradar - Wo kreuzen die Schiffe aktuell? Verfolge mit unserer Live-Seekarte die Positionen der Kreuzfahrtschiffe in Echtzeit\" \/>\n<meta name=\"robots\" content=\"index, follow, max-snippet:-1, max-image-preview:large, max-video-preview:-1\" \/>\n<link rel=\"canonical\" href=\"https:\/\/cruisespotter.de\/en\/schiffsradar\/\" \/>\n<meta property=\"og:locale\" content=\"en_GB\" \/>\n<meta property=\"og:type\" content=\"article\" \/>\n<meta property=\"og:title\" content=\"Schiffsradar Live-Seekarte: Schiffe tracken in Echtzeit\" \/>\n<meta property=\"og:description\" content=\"Schiffsradar - Wo kreuzen die Schiffe aktuell? Verfolge mit unserer Live-Seekarte die Positionen der Kreuzfahrtschiffe in Echtzeit\" \/>\n<meta property=\"og:url\" content=\"https:\/\/cruisespotter.de\/en\/schiffsradar\/\" \/>\n<meta property=\"og:site_name\" content=\"Cruisespotter\" \/>\n<meta property=\"article:modified_time\" content=\"2026-04-21T20:27:31+00:00\" \/>\n<meta property=\"og:image\" content=\"https:\/\/cruisespotter.de\/wp-content\/uploads\/2026\/02\/beitrag-logo-cruisespotter-2026.jpg\" \/>\n\t<meta property=\"og:image:width\" content=\"512\" \/>\n\t<meta property=\"og:image:height\" content=\"512\" \/>\n\t<meta property=\"og:image:type\" content=\"image\/jpeg\" \/>\n<meta name=\"twitter:card\" content=\"summary_large_image\" \/>\n<meta name=\"twitter:label1\" content=\"Estimated reading time\" \/>\n\t<meta name=\"twitter:data1\" content=\"2 minutes\" \/>\n<script type=\"application\/ld+json\" class=\"yoast-schema-graph\">{\"@context\":\"https:\\\/\\\/schema.org\",\"@graph\":[{\"@type\":\"WebPage\",\"@id\":\"https:\\\/\\\/cruisespotter.de\\\/schiffsradar\\\/\",\"url\":\"https:\\\/\\\/cruisespotter.de\\\/schiffsradar\\\/\",\"name\":\"Schiffsradar Live-Seekarte: Schiffe tracken in Echtzeit\",\"isPartOf\":{\"@id\":\"https:\\\/\\\/cruisespotter.de\\\/#website\"},\"primaryImageOfPage\":{\"@id\":\"https:\\\/\\\/cruisespotter.de\\\/schiffsradar\\\/#primaryimage\"},\"image\":{\"@id\":\"https:\\\/\\\/cruisespotter.de\\\/schiffsradar\\\/#primaryimage\"},\"thumbnailUrl\":\"https:\\\/\\\/cruisespotter.de\\\/wp-content\\\/uploads\\\/2026\\\/02\\\/beitrag-logo-cruisespotter-2026.jpg\",\"datePublished\":\"2026-02-12T08:54:30+00:00\",\"dateModified\":\"2026-04-21T20:27:31+00:00\",\"description\":\"Schiffsradar - Wo kreuzen die Schiffe aktuell? Verfolge mit unserer Live-Seekarte die Positionen der Kreuzfahrtschiffe in Echtzeit\",\"breadcrumb\":{\"@id\":\"https:\\\/\\\/cruisespotter.de\\\/schiffsradar\\\/#breadcrumb\"},\"inLanguage\":\"en-GB\",\"potentialAction\":[{\"@type\":\"ReadAction\",\"target\":[\"https:\\\/\\\/cruisespotter.de\\\/schiffsradar\\\/\"]}]},{\"@type\":\"ImageObject\",\"inLanguage\":\"en-GB\",\"@id\":\"https:\\\/\\\/cruisespotter.de\\\/schiffsradar\\\/#primaryimage\",\"url\":\"https:\\\/\\\/cruisespotter.de\\\/wp-content\\\/uploads\\\/2026\\\/02\\\/beitrag-logo-cruisespotter-2026.jpg\",\"contentUrl\":\"https:\\\/\\\/cruisespotter.de\\\/wp-content\\\/uploads\\\/2026\\\/02\\\/beitrag-logo-cruisespotter-2026.jpg\",\"width\":512,\"height\":512,\"caption\":\"Beitrag Cruisespotter\"},{\"@type\":\"BreadcrumbList\",\"@id\":\"https:\\\/\\\/cruisespotter.de\\\/schiffsradar\\\/#breadcrumb\",\"itemListElement\":[{\"@type\":\"ListItem\",\"position\":1,\"name\":\"Start\",\"item\":\"https:\\\/\\\/cruisespotter.de\\\/\"},{\"@type\":\"ListItem\",\"position\":2,\"name\":\"Schiffsradar\"}]},{\"@type\":\"WebSite\",\"@id\":\"https:\\\/\\\/cruisespotter.de\\\/#website\",\"url\":\"https:\\\/\\\/cruisespotter.de\\\/\",\"name\":\"Cruisespotter\",\"description\":\"Dein Onlineshop f\u00fcr echte Schiffsfans\",\"publisher\":{\"@id\":\"https:\\\/\\\/cruisespotter.de\\\/#organization\"},\"alternateName\":\"Cruisespotter\",\"potentialAction\":[{\"@type\":\"SearchAction\",\"target\":{\"@type\":\"EntryPoint\",\"urlTemplate\":\"https:\\\/\\\/cruisespotter.de\\\/?s={search_term_string}\"},\"query-input\":{\"@type\":\"PropertyValueSpecification\",\"valueRequired\":true,\"valueName\":\"search_term_string\"}}],\"inLanguage\":\"en-GB\"},{\"@type\":\"Organization\",\"@id\":\"https:\\\/\\\/cruisespotter.de\\\/#organization\",\"name\":\"Cruisespotter\",\"alternateName\":\"Cruisespotter\",\"url\":\"https:\\\/\\\/cruisespotter.de\\\/\",\"logo\":{\"@type\":\"ImageObject\",\"inLanguage\":\"en-GB\",\"@id\":\"https:\\\/\\\/cruisespotter.de\\\/#\\\/schema\\\/logo\\\/image\\\/\",\"url\":\"https:\\\/\\\/cruisespotter.de\\\/wp-content\\\/uploads\\\/2026\\\/02\\\/beitrag-logo-cruisespotter-2026.jpg\",\"contentUrl\":\"https:\\\/\\\/cruisespotter.de\\\/wp-content\\\/uploads\\\/2026\\\/02\\\/beitrag-logo-cruisespotter-2026.jpg\",\"width\":512,\"height\":512,\"caption\":\"Cruisespotter\"},\"image\":{\"@id\":\"https:\\\/\\\/cruisespotter.de\\\/#\\\/schema\\\/logo\\\/image\\\/\"}}]}<\/script>\n<!-- \/ Yoast SEO plugin. -->","yoast_head_json":{"title":"Schiffsradar Live-Seekarte: Schiffe tracken in Echtzeit","description":"Schiffsradar - Wo kreuzen die Schiffe aktuell? Verfolge mit unserer Live-Seekarte die Positionen der Kreuzfahrtschiffe in Echtzeit","robots":{"index":"index","follow":"follow","max-snippet":"max-snippet:-1","max-image-preview":"max-image-preview:large","max-video-preview":"max-video-preview:-1"},"canonical":"https:\/\/cruisespotter.de\/en\/schiffsradar\/","og_locale":"en_GB","og_type":"article","og_title":"Schiffsradar Live-Seekarte: Schiffe tracken in Echtzeit","og_description":"Schiffsradar - Wo kreuzen die Schiffe aktuell? Verfolge mit unserer Live-Seekarte die Positionen der Kreuzfahrtschiffe in Echtzeit","og_url":"https:\/\/cruisespotter.de\/en\/schiffsradar\/","og_site_name":"Cruisespotter","article_modified_time":"2026-04-21T20:27:31+00:00","og_image":[{"width":512,"height":512,"url":"https:\/\/cruisespotter.de\/wp-content\/uploads\/2026\/02\/beitrag-logo-cruisespotter-2026.jpg","type":"image\/jpeg"}],"twitter_card":"summary_large_image","twitter_misc":{"Estimated reading time":"2 minutes"},"schema":{"@context":"https:\/\/schema.org","@graph":[{"@type":"WebPage","@id":"https:\/\/cruisespotter.de\/schiffsradar\/","url":"https:\/\/cruisespotter.de\/schiffsradar\/","name":"Schiffsradar Live-Seekarte: Schiffe tracken in Echtzeit","isPartOf":{"@id":"https:\/\/cruisespotter.de\/#website"},"primaryImageOfPage":{"@id":"https:\/\/cruisespotter.de\/schiffsradar\/#primaryimage"},"image":{"@id":"https:\/\/cruisespotter.de\/schiffsradar\/#primaryimage"},"thumbnailUrl":"https:\/\/cruisespotter.de\/wp-content\/uploads\/2026\/02\/beitrag-logo-cruisespotter-2026.jpg","datePublished":"2026-02-12T08:54:30+00:00","dateModified":"2026-04-21T20:27:31+00:00","description":"Schiffsradar - Wo kreuzen die Schiffe aktuell? Verfolge mit unserer Live-Seekarte die Positionen der Kreuzfahrtschiffe in Echtzeit","breadcrumb":{"@id":"https:\/\/cruisespotter.de\/schiffsradar\/#breadcrumb"},"inLanguage":"en-GB","potentialAction":[{"@type":"ReadAction","target":["https:\/\/cruisespotter.de\/schiffsradar\/"]}]},{"@type":"ImageObject","inLanguage":"en-GB","@id":"https:\/\/cruisespotter.de\/schiffsradar\/#primaryimage","url":"https:\/\/cruisespotter.de\/wp-content\/uploads\/2026\/02\/beitrag-logo-cruisespotter-2026.jpg","contentUrl":"https:\/\/cruisespotter.de\/wp-content\/uploads\/2026\/02\/beitrag-logo-cruisespotter-2026.jpg","width":512,"height":512,"caption":"Beitrag Cruisespotter"},{"@type":"BreadcrumbList","@id":"https:\/\/cruisespotter.de\/schiffsradar\/#breadcrumb","itemListElement":[{"@type":"ListItem","position":1,"name":"Start","item":"https:\/\/cruisespotter.de\/"},{"@type":"ListItem","position":2,"name":"Schiffsradar"}]},{"@type":"WebSite","@id":"https:\/\/cruisespotter.de\/#website","url":"https:\/\/cruisespotter.de\/","name":"Cruisespotter","description":"Dein Onlineshop f\u00fcr echte Schiffsfans","publisher":{"@id":"https:\/\/cruisespotter.de\/#organization"},"alternateName":"Cruisespotter","potentialAction":[{"@type":"SearchAction","target":{"@type":"EntryPoint","urlTemplate":"https:\/\/cruisespotter.de\/?s={search_term_string}"},"query-input":{"@type":"PropertyValueSpecification","valueRequired":true,"valueName":"search_term_string"}}],"inLanguage":"en-GB"},{"@type":"Organization","@id":"https:\/\/cruisespotter.de\/#organization","name":"Cruisespotter","alternateName":"Cruisespotter","url":"https:\/\/cruisespotter.de\/","logo":{"@type":"ImageObject","inLanguage":"en-GB","@id":"https:\/\/cruisespotter.de\/#\/schema\/logo\/image\/","url":"https:\/\/cruisespotter.de\/wp-content\/uploads\/2026\/02\/beitrag-logo-cruisespotter-2026.jpg","contentUrl":"https:\/\/cruisespotter.de\/wp-content\/uploads\/2026\/02\/beitrag-logo-cruisespotter-2026.jpg","width":512,"height":512,"caption":"Cruisespotter"},"image":{"@id":"https:\/\/cruisespotter.de\/#\/schema\/logo\/image\/"}}]}},"_links":{"self":[{"href":"https:\/\/cruisespotter.de\/en\/wp-json\/wp\/v2\/pages\/29483","targetHints":{"allow":["GET"]}}],"collection":[{"href":"https:\/\/cruisespotter.de\/en\/wp-json\/wp\/v2\/pages"}],"about":[{"href":"https:\/\/cruisespotter.de\/en\/wp-json\/wp\/v2\/types\/page"}],"author":[{"embeddable":true,"href":"https:\/\/cruisespotter.de\/en\/wp-json\/wp\/v2\/users\/1"}],"replies":[{"embeddable":true,"href":"https:\/\/cruisespotter.de\/en\/wp-json\/wp\/v2\/comments?post=29483"}],"version-history":[{"count":13,"href":"https:\/\/cruisespotter.de\/en\/wp-json\/wp\/v2\/pages\/29483\/revisions"}],"predecessor-version":[{"id":41532,"href":"https:\/\/cruisespotter.de\/en\/wp-json\/wp\/v2\/pages\/29483\/revisions\/41532"}],"wp:featuredmedia":[{"embeddable":true,"href":"https:\/\/cruisespotter.de\/en\/wp-json\/wp\/v2\/media\/29353"}],"wp:attachment":[{"href":"https:\/\/cruisespotter.de\/en\/wp-json\/wp\/v2\/media?parent=29483"}],"curies":[{"name":"wp","href":"https:\/\/api.w.org\/{rel}","templated":true}]}}