{"id":38447,"date":"2026-03-20T09:12:09","date_gmt":"2026-03-20T08:12:09","guid":{"rendered":"https:\/\/cruisespotter.de\/?post_type=product&#038;p=38447"},"modified":"2026-03-20T09:16:33","modified_gmt":"2026-03-20T08:16:33","slug":"puzzle-warnemuender-morgengold","status":"publish","type":"product","link":"https:\/\/cruisespotter.de\/en\/product\/puzzle-warnemuender-morgengold\/","title":{"rendered":"Puzzle Warnemu\u0308nder Morgengold"},"content":{"rendered":"<p data-path-to-node=\"9\"><b data-path-to-node=\"9\" data-index-in-node=\"0\">Ein goldener Start in den Tag \u2013 Teil f\u00fcr Teil<\/b><\/p>\n<p data-path-to-node=\"10\">Mit dem <b data-path-to-node=\"10\" data-index-in-node=\"8\">Puzzle \u201eWarnem\u00fcnder Morgengold\u201c<\/b> holst du dir einen der magischsten Momente an der Ostseek\u00fcste direkt nach Hause. Das Motiv zeigt die <b data-path-to-node=\"10\" data-index-in-node=\"141\">AIDAmar<\/b>, wie sie im ersten Licht des Tages den Seekanal von Warnem\u00fcnde passiert. Der Himmel gl\u00fcht in warmen Gold- und Oranget\u00f6nen, w\u00e4hrend sich das Kussmundschiff majest\u00e4tisch auf der spiegelglatten Warnow spiegelt.<\/p>\n<p data-path-to-node=\"11\">Dieses Puzzle ist nicht nur eine wunderbare Entspannung f\u00fcr zwischendurch, sondern nach der Fertigstellung auch ein beeindruckendes Wandbild f\u00fcr alle Kreuzfahrtliebhaber. Erlebe die Detailverliebtheit der Architektur Warnem\u00fcndes und die sanften Farbverl\u00e4ufe des Morgenhimmels in brillanter Druckqualit\u00e4t.<\/p>\n<p data-path-to-node=\"12\"><b data-path-to-node=\"12\" data-index-in-node=\"0\">Produktdetails auf einen Blick:<\/b><\/p>\n<ul data-path-to-node=\"13\">\n<li>\n<p data-path-to-node=\"13,0,0\"><b data-path-to-node=\"13,0,0\" data-index-in-node=\"0\">Motiv:<\/b> Exklusive Aufnahme der AIDAmar beim morgendlichen Einlaufen in Warnem\u00fcnde.<\/p>\n<\/li>\n<li>\n<p data-path-to-node=\"13,1,0\"><b data-path-to-node=\"13,1,0\" data-index-in-node=\"0\">Qualit\u00e4t:<\/b> Hochwertiger Karton mit pr\u00e4ziser Passform f\u00fcr langanhaltenden Puzzlespa\u00df.<\/p>\n<\/li>\n<li>\n<p data-path-to-node=\"13,2,0\"><b data-path-to-node=\"13,2,0\" data-index-in-node=\"0\">Druck:<\/b> Brillante Farben und matte Oberfl\u00e4che zur Vermeidung von Lichtreflexionen.<\/p>\n<\/li>\n<li>\n<p data-path-to-node=\"13,3,0\"><b data-path-to-node=\"13,3,0\" data-index-in-node=\"0\">Geschenkidee:<\/b> Das ideale Pr\u00e4sent f\u00fcr AIDA-Fans, Kreuzfahrtbegeisterte und Warnem\u00fcnde-Urlauber.<\/p>\n<\/li>\n<li>\n<p data-path-to-node=\"13,4,0\"><b data-path-to-node=\"13,4,0\" data-index-in-node=\"0\">Atmosph\u00e4re:<\/b> Beruhigendes und zugleich motivierendes Motiv in warmen Farben.<\/p>\n<\/li>\n<\/ul>","protected":false},"excerpt":{"rendered":"<p>Mit dem <b data-path-to-node=\"10\" data-index-in-node=\"8\">Puzzle \u201eWarnem\u00fcnder Morgengold\u201c<\/b> holst du dir einen der magischsten Momente an der Ostseek\u00fcste direkt nach Hause. Das Motiv zeigt die <b data-path-to-node=\"10\" data-index-in-node=\"141\">AIDAmar<\/b>, wie sie im ersten Licht des Tages den Seekanal von Warnem\u00fcnde passiert. Der Himmel gl\u00fcht in warmen Gold- und Oranget\u00f6nen, w\u00e4hrend sich das Kussmundschiff majest\u00e4tisch auf der spiegelglatten Warnow spiegelt.<\/p>","protected":false},"featured_media":38451,"comment_status":"closed","ping_status":"closed","template":"","meta":[],"product_brand":[56],"product_cat":[80,82,87,33],"product_tag":[616,1128,799,879,1021,1043,1123,1124,1125,1126,1127],"class_list":{"0":"post-38447","1":"product","2":"type-product","3":"status-publish","4":"has-post-thumbnail","6":"product_brand-fotograf-ben-voss","7":"product_cat-puzzle","8":"product_cat-kreuzfahrtschiffe","9":"product_cat-ben-voss","10":"product_cat-deutschland","11":"product_tag-maritimes-puzzle","12":"product_tag-warnemuender-morgengold","13":"product_tag-geschenk-fuer-aida-fans","14":"product_tag-ostsee-puzzle","15":"product_tag-cruisespotter-shop","16":"product_tag-aida-fanshop","17":"product_tag-puzzle-aidamar","18":"product_tag-warnemuende-puzzle","19":"product_tag-kreuzfahrt-puzzle","20":"product_tag-sonnenaufgang-warnemuende","21":"product_tag-schiffs-puzzle","23":"first","24":"instock","25":"taxable","26":"shipping-taxable","27":"purchasable","28":"product-type-variable"},"yoast_head":"<!-- This site is optimized with the Yoast SEO plugin v27.3 - https:\/\/yoast.com\/product\/yoast-seo-wordpress\/ -->\n<title>Puzzle Warnemu\u0308nder Morgengold mit 500 &amp; 1000 Teile<\/title>\n<meta name=\"description\" content=\"Puzzle Warnemu\u0308nder Morgengold - Puzzeln mit Meerblick! Hochwertiger Druck, perfekte Passform mit 500 oder 1000 Teile! Jetzt bei Cruisespotter kaufen!\" \/>\n<meta name=\"robots\" content=\"index, follow, max-snippet:-1, max-image-preview:large, max-video-preview:-1\" \/>\n<link rel=\"canonical\" href=\"https:\/\/cruisespotter.de\/en\/product\/puzzle-warnemuender-morgengold\/\" \/>\n<meta property=\"og:locale\" content=\"en_GB\" \/>\n<meta property=\"og:type\" content=\"article\" \/>\n<meta property=\"og:title\" content=\"Puzzle Warnemu\u0308nder Morgengold mit 500 &amp; 1000 Teile\" \/>\n<meta property=\"og:description\" content=\"Puzzle Warnemu\u0308nder Morgengold - Puzzeln mit Meerblick! Hochwertiger Druck, perfekte Passform mit 500 oder 1000 Teile! Jetzt bei Cruisespotter kaufen!\" \/>\n<meta property=\"og:url\" content=\"https:\/\/cruisespotter.de\/en\/product\/puzzle-warnemuender-morgengold\/\" \/>\n<meta property=\"og:site_name\" content=\"Cruisespotter\" \/>\n<meta property=\"article:modified_time\" content=\"2026-03-20T08:16:33+00:00\" \/>\n<meta property=\"og:image\" content=\"https:\/\/cruisespotter.de\/wp-content\/uploads\/2026\/03\/001-puzzle-warnemuender-morgengold-cs-901133.jpg\" \/>\n\t<meta property=\"og:image:width\" content=\"1200\" \/>\n\t<meta property=\"og:image:height\" content=\"800\" \/>\n\t<meta property=\"og:image:type\" content=\"image\/jpeg\" \/>\n<meta name=\"twitter:card\" content=\"summary_large_image\" \/>\n<meta name=\"twitter:label1\" content=\"Estimated reading time\" \/>\n\t<meta name=\"twitter:data1\" content=\"2 minutes\" \/>\n<script type=\"application\/ld+json\" class=\"yoast-schema-graph\">{\"@context\":\"https:\\\/\\\/schema.org\",\"@graph\":[{\"@type\":\"WebPage\",\"@id\":\"https:\\\/\\\/cruisespotter.de\\\/produkt\\\/puzzle-warnemuender-morgengold\\\/\",\"url\":\"https:\\\/\\\/cruisespotter.de\\\/produkt\\\/puzzle-warnemuender-morgengold\\\/\",\"name\":\"Puzzle Warnemu\u0308nder Morgengold mit 500 & 1000 Teile\",\"isPartOf\":{\"@id\":\"https:\\\/\\\/cruisespotter.de\\\/#website\"},\"primaryImageOfPage\":{\"@id\":\"https:\\\/\\\/cruisespotter.de\\\/produkt\\\/puzzle-warnemuender-morgengold\\\/#primaryimage\"},\"image\":{\"@id\":\"https:\\\/\\\/cruisespotter.de\\\/produkt\\\/puzzle-warnemuender-morgengold\\\/#primaryimage\"},\"thumbnailUrl\":\"https:\\\/\\\/cruisespotter.de\\\/wp-content\\\/uploads\\\/2026\\\/03\\\/001-puzzle-warnemuender-morgengold-cs-901133.jpg\",\"datePublished\":\"2026-03-20T08:12:09+00:00\",\"dateModified\":\"2026-03-20T08:16:33+00:00\",\"description\":\"Puzzle Warnemu\u0308nder Morgengold - Puzzeln mit Meerblick! Hochwertiger Druck, perfekte Passform mit 500 oder 1000 Teile! Jetzt bei Cruisespotter kaufen!\",\"breadcrumb\":{\"@id\":\"https:\\\/\\\/cruisespotter.de\\\/produkt\\\/puzzle-warnemuender-morgengold\\\/#breadcrumb\"},\"inLanguage\":\"en-GB\",\"potentialAction\":[{\"@type\":\"ReadAction\",\"target\":[\"https:\\\/\\\/cruisespotter.de\\\/produkt\\\/puzzle-warnemuender-morgengold\\\/\"]}]},{\"@type\":\"ImageObject\",\"inLanguage\":\"en-GB\",\"@id\":\"https:\\\/\\\/cruisespotter.de\\\/produkt\\\/puzzle-warnemuender-morgengold\\\/#primaryimage\",\"url\":\"https:\\\/\\\/cruisespotter.de\\\/wp-content\\\/uploads\\\/2026\\\/03\\\/001-puzzle-warnemuender-morgengold-cs-901133.jpg\",\"contentUrl\":\"https:\\\/\\\/cruisespotter.de\\\/wp-content\\\/uploads\\\/2026\\\/03\\\/001-puzzle-warnemuender-morgengold-cs-901133.jpg\",\"width\":1200,\"height\":800,\"caption\":\"Puzzle Warnemu\u0308nder Morgengold\"},{\"@type\":\"BreadcrumbList\",\"@id\":\"https:\\\/\\\/cruisespotter.de\\\/produkt\\\/puzzle-warnemuender-morgengold\\\/#breadcrumb\",\"itemListElement\":[{\"@type\":\"ListItem\",\"position\":1,\"name\":\"Start\",\"item\":\"https:\\\/\\\/cruisespotter.de\\\/\"},{\"@type\":\"ListItem\",\"position\":2,\"name\":\"Bordshop\",\"item\":\"https:\\\/\\\/cruisespotter.de\\\/bordshop\\\/\"},{\"@type\":\"ListItem\",\"position\":3,\"name\":\"Puzzle Warnemu\u0308nder Morgengold\"}]},{\"@type\":\"WebSite\",\"@id\":\"https:\\\/\\\/cruisespotter.de\\\/#website\",\"url\":\"https:\\\/\\\/cruisespotter.de\\\/\",\"name\":\"Cruisespotter\",\"description\":\"Dein Onlineshop f\u00fcr echte Schiffsfans\",\"publisher\":{\"@id\":\"https:\\\/\\\/cruisespotter.de\\\/#organization\"},\"alternateName\":\"Cruisespotter\",\"potentialAction\":[{\"@type\":\"SearchAction\",\"target\":{\"@type\":\"EntryPoint\",\"urlTemplate\":\"https:\\\/\\\/cruisespotter.de\\\/?s={search_term_string}\"},\"query-input\":{\"@type\":\"PropertyValueSpecification\",\"valueRequired\":true,\"valueName\":\"search_term_string\"}}],\"inLanguage\":\"en-GB\"},{\"@type\":\"Organization\",\"@id\":\"https:\\\/\\\/cruisespotter.de\\\/#organization\",\"name\":\"Cruisespotter\",\"alternateName\":\"Cruisespotter\",\"url\":\"https:\\\/\\\/cruisespotter.de\\\/\",\"logo\":{\"@type\":\"ImageObject\",\"inLanguage\":\"en-GB\",\"@id\":\"https:\\\/\\\/cruisespotter.de\\\/#\\\/schema\\\/logo\\\/image\\\/\",\"url\":\"https:\\\/\\\/cruisespotter.de\\\/wp-content\\\/uploads\\\/2026\\\/02\\\/beitrag-logo-cruisespotter-2026.jpg\",\"contentUrl\":\"https:\\\/\\\/cruisespotter.de\\\/wp-content\\\/uploads\\\/2026\\\/02\\\/beitrag-logo-cruisespotter-2026.jpg\",\"width\":512,\"height\":512,\"caption\":\"Cruisespotter\"},\"image\":{\"@id\":\"https:\\\/\\\/cruisespotter.de\\\/#\\\/schema\\\/logo\\\/image\\\/\"}}]}<\/script>\n<!-- \/ Yoast SEO plugin. -->","yoast_head_json":{"title":"Puzzle Warnemu\u0308nder Morgengold mit 500 & 1000 Teile","description":"Puzzle Warnemu\u0308nder Morgengold - Puzzeln mit Meerblick! Hochwertiger Druck, perfekte Passform mit 500 oder 1000 Teile! Jetzt bei Cruisespotter kaufen!","robots":{"index":"index","follow":"follow","max-snippet":"max-snippet:-1","max-image-preview":"max-image-preview:large","max-video-preview":"max-video-preview:-1"},"canonical":"https:\/\/cruisespotter.de\/en\/product\/puzzle-warnemuender-morgengold\/","og_locale":"en_GB","og_type":"article","og_title":"Puzzle Warnemu\u0308nder Morgengold mit 500 & 1000 Teile","og_description":"Puzzle Warnemu\u0308nder Morgengold - Puzzeln mit Meerblick! Hochwertiger Druck, perfekte Passform mit 500 oder 1000 Teile! Jetzt bei Cruisespotter kaufen!","og_url":"https:\/\/cruisespotter.de\/en\/product\/puzzle-warnemuender-morgengold\/","og_site_name":"Cruisespotter","article_modified_time":"2026-03-20T08:16:33+00:00","og_image":[{"width":1200,"height":800,"url":"https:\/\/cruisespotter.de\/wp-content\/uploads\/2026\/03\/001-puzzle-warnemuender-morgengold-cs-901133.jpg","type":"image\/jpeg"}],"twitter_card":"summary_large_image","twitter_misc":{"Estimated reading time":"2 minutes"},"schema":{"@context":"https:\/\/schema.org","@graph":[{"@type":"WebPage","@id":"https:\/\/cruisespotter.de\/produkt\/puzzle-warnemuender-morgengold\/","url":"https:\/\/cruisespotter.de\/produkt\/puzzle-warnemuender-morgengold\/","name":"Puzzle Warnemu\u0308nder Morgengold mit 500 & 1000 Teile","isPartOf":{"@id":"https:\/\/cruisespotter.de\/#website"},"primaryImageOfPage":{"@id":"https:\/\/cruisespotter.de\/produkt\/puzzle-warnemuender-morgengold\/#primaryimage"},"image":{"@id":"https:\/\/cruisespotter.de\/produkt\/puzzle-warnemuender-morgengold\/#primaryimage"},"thumbnailUrl":"https:\/\/cruisespotter.de\/wp-content\/uploads\/2026\/03\/001-puzzle-warnemuender-morgengold-cs-901133.jpg","datePublished":"2026-03-20T08:12:09+00:00","dateModified":"2026-03-20T08:16:33+00:00","description":"Puzzle Warnemu\u0308nder Morgengold - Puzzeln mit Meerblick! Hochwertiger Druck, perfekte Passform mit 500 oder 1000 Teile! Jetzt bei Cruisespotter kaufen!","breadcrumb":{"@id":"https:\/\/cruisespotter.de\/produkt\/puzzle-warnemuender-morgengold\/#breadcrumb"},"inLanguage":"en-GB","potentialAction":[{"@type":"ReadAction","target":["https:\/\/cruisespotter.de\/produkt\/puzzle-warnemuender-morgengold\/"]}]},{"@type":"ImageObject","inLanguage":"en-GB","@id":"https:\/\/cruisespotter.de\/produkt\/puzzle-warnemuender-morgengold\/#primaryimage","url":"https:\/\/cruisespotter.de\/wp-content\/uploads\/2026\/03\/001-puzzle-warnemuender-morgengold-cs-901133.jpg","contentUrl":"https:\/\/cruisespotter.de\/wp-content\/uploads\/2026\/03\/001-puzzle-warnemuender-morgengold-cs-901133.jpg","width":1200,"height":800,"caption":"Puzzle Warnemu\u0308nder Morgengold"},{"@type":"BreadcrumbList","@id":"https:\/\/cruisespotter.de\/produkt\/puzzle-warnemuender-morgengold\/#breadcrumb","itemListElement":[{"@type":"ListItem","position":1,"name":"Start","item":"https:\/\/cruisespotter.de\/"},{"@type":"ListItem","position":2,"name":"Bordshop","item":"https:\/\/cruisespotter.de\/bordshop\/"},{"@type":"ListItem","position":3,"name":"Puzzle Warnemu\u0308nder Morgengold"}]},{"@type":"WebSite","@id":"https:\/\/cruisespotter.de\/#website","url":"https:\/\/cruisespotter.de\/","name":"Cruisespotter","description":"Dein Onlineshop f\u00fcr echte Schiffsfans","publisher":{"@id":"https:\/\/cruisespotter.de\/#organization"},"alternateName":"Cruisespotter","potentialAction":[{"@type":"SearchAction","target":{"@type":"EntryPoint","urlTemplate":"https:\/\/cruisespotter.de\/?s={search_term_string}"},"query-input":{"@type":"PropertyValueSpecification","valueRequired":true,"valueName":"search_term_string"}}],"inLanguage":"en-GB"},{"@type":"Organization","@id":"https:\/\/cruisespotter.de\/#organization","name":"Cruisespotter","alternateName":"Cruisespotter","url":"https:\/\/cruisespotter.de\/","logo":{"@type":"ImageObject","inLanguage":"en-GB","@id":"https:\/\/cruisespotter.de\/#\/schema\/logo\/image\/","url":"https:\/\/cruisespotter.de\/wp-content\/uploads\/2026\/02\/beitrag-logo-cruisespotter-2026.jpg","contentUrl":"https:\/\/cruisespotter.de\/wp-content\/uploads\/2026\/02\/beitrag-logo-cruisespotter-2026.jpg","width":512,"height":512,"caption":"Cruisespotter"},"image":{"@id":"https:\/\/cruisespotter.de\/#\/schema\/logo\/image\/"}}]}},"_links":{"self":[{"href":"https:\/\/cruisespotter.de\/en\/wp-json\/wp\/v2\/product\/38447","targetHints":{"allow":["GET"]}}],"collection":[{"href":"https:\/\/cruisespotter.de\/en\/wp-json\/wp\/v2\/product"}],"about":[{"href":"https:\/\/cruisespotter.de\/en\/wp-json\/wp\/v2\/types\/product"}],"replies":[{"embeddable":true,"href":"https:\/\/cruisespotter.de\/en\/wp-json\/wp\/v2\/comments?post=38447"}],"version-history":[{"count":2,"href":"https:\/\/cruisespotter.de\/en\/wp-json\/wp\/v2\/product\/38447\/revisions"}],"predecessor-version":[{"id":38455,"href":"https:\/\/cruisespotter.de\/en\/wp-json\/wp\/v2\/product\/38447\/revisions\/38455"}],"wp:featuredmedia":[{"embeddable":true,"href":"https:\/\/cruisespotter.de\/en\/wp-json\/wp\/v2\/media\/38451"}],"wp:attachment":[{"href":"https:\/\/cruisespotter.de\/en\/wp-json\/wp\/v2\/media?parent=38447"}],"wp:term":[{"taxonomy":"product_brand","embeddable":true,"href":"https:\/\/cruisespotter.de\/en\/wp-json\/wp\/v2\/product_brand?post=38447"},{"taxonomy":"product_cat","embeddable":true,"href":"https:\/\/cruisespotter.de\/en\/wp-json\/wp\/v2\/product_cat?post=38447"},{"taxonomy":"product_tag","embeddable":true,"href":"https:\/\/cruisespotter.de\/en\/wp-json\/wp\/v2\/product_tag?post=38447"}],"curies":[{"name":"wp","href":"https:\/\/api.w.org\/{rel}","templated":true}]}}