{"id":38694,"date":"2026-03-25T09:28:25","date_gmt":"2026-03-25T08:28:25","guid":{"rendered":"https:\/\/cruisespotter.de\/?post_type=product&#038;p=38694"},"modified":"2026-03-30T11:22:39","modified_gmt":"2026-03-30T09:22:39","slug":"blechschild-loth-lorien-sailing","status":"publish","type":"product","link":"https:\/\/cruisespotter.de\/en\/product\/blechschild-loth-lorien-sailing\/","title":{"rendered":"Blechschild Loth Lorie\u0308n Sailing"},"content":{"rendered":"<p data-path-to-node=\"9\"><b data-path-to-node=\"9\" data-index-in-node=\"0\">Ein St\u00fcck Seefahrtsgeschichte im edlen Vintage-Look<\/b><\/p>\n<p data-path-to-node=\"10\">Hol dir den Charme traditioneller Segelschifffahrt direkt an deine Wand. Das <b data-path-to-node=\"10\" data-index-in-node=\"77\">Blechschild \u201eLoth Lori\u00ebn Sailing\u201c<\/b> zeigt den prachtvollen Dreimaster in einer faszinierenden Perspektive, die jeden Betrachter sofort auf die hohe See entf\u00fchrt.<\/p>\n<p data-path-to-node=\"11\">Besonders hervorzuheben ist das hochwertige Finish: Der t\u00e4uschend echte <b data-path-to-node=\"11\" data-index-in-node=\"72\">Rost- und Vintagelook<\/b> verleiht dem Schild eine antike Optik und macht es zu einem zeitlosen Dekorationsobjekt f\u00fcr Hobbyr\u00e4ume, B\u00fcros oder Terrassen. Damit du sofort mit der Gestaltung beginnen kannst, liefern wir das passende Montagematerial direkt mit.<\/p>\n<p data-path-to-node=\"12\"><b data-path-to-node=\"12\" data-index-in-node=\"0\">Produktdetails auf einen Blick:<\/b><\/p>\n<ul data-path-to-node=\"13\">\n<li>\n<p data-path-to-node=\"13,0,0\"><b data-path-to-node=\"13,0,0\" data-index-in-node=\"0\">Motiv:<\/b> Detailreicher Druck des Segelschiffs Loth Lori\u00ebn.<\/p>\n<\/li>\n<li>\n<p data-path-to-node=\"13,1,0\"><b data-path-to-node=\"13,1,0\" data-index-in-node=\"0\">Design:<\/b> Edler Vintage-Look mit k\u00fcnstlichen Rosteffekten f\u00fcr antiken Charme.<\/p>\n<\/li>\n<li>\n<p data-path-to-node=\"13,2,0\"><b data-path-to-node=\"13,2,0\" data-index-in-node=\"0\">Formate:<\/b> Erh\u00e4ltlich in <b data-path-to-node=\"13,2,0\" data-index-in-node=\"23\">20 x 30 cm<\/b> oder dem gro\u00dfz\u00fcgigen <b data-path-to-node=\"13,2,0\" data-index-in-node=\"55\">30 x 40 cm<\/b>.<\/p>\n<\/li>\n<li>\n<p data-path-to-node=\"13,3,0\"><b data-path-to-node=\"13,3,0\" data-index-in-node=\"0\">Montage:<\/b> Inklusive 4 vorgebohrter L\u00f6cher in den Ecken sowie passenden <b data-path-to-node=\"13,3,0\" data-index-in-node=\"70\">Schrauben und D\u00fcbeln<\/b>.<\/p>\n<\/li>\n<li>\n<p data-path-to-node=\"13,4,0\"><b data-path-to-node=\"13,4,0\" data-index-in-node=\"0\">Material:<\/b> Robustes Metallblech, langlebig und formstabil.<\/p>\n<\/li>\n<\/ul>","protected":false},"excerpt":{"rendered":"<p>Hol dir den Charme traditioneller Segelschifffahrt direkt an deine Wand. Das <b data-path-to-node=\"10\" data-index-in-node=\"77\">Blechschild \u201eLoth Lori\u00ebn Sailing\u201c<\/b> zeigt den prachtvollen Dreimaster in einer faszinierenden Perspektive, die jeden Betrachter sofort auf die hohe See entf\u00fchrt.<\/p>\n<h5><strong>Ausstattung<\/strong><\/h5>\n<ul>\n<li>4 vorgebohrter L\u00f6cher in den Ecken<\/li>\n<li>inkl. passenden Schrauben und D\u00fcbeln<\/li>\n<\/ul>","protected":false},"featured_media":38695,"comment_status":"closed","ping_status":"closed","template":"","meta":[],"product_brand":[55],"product_cat":[33,88,90],"product_tag":[1021,1140,1141,1142,1143,1144,1145,1146,750,1147,822],"class_list":{"0":"post-38694","1":"product","2":"type-product","3":"status-publish","4":"has-post-thumbnail","6":"product_brand-fotograf-stefan-mertin","7":"product_cat-deutschland","8":"product_cat-stefan-mertin","9":"product_cat-segelschiffe","10":"product_tag-cruisespotter-shop","11":"product_tag-blechschild-loth-lorien","12":"product_tag-maritimes-blechschild","13":"product_tag-vintage-metallschild","14":"product_tag-nostalgie-schild-meer","15":"product_tag-loth-lorien-sailing","16":"product_tag-schiffsdeko-wand","17":"product_tag-blechschild-rostlook","18":"product_tag-geschenk-fuer-segler","19":"product_tag-wanddeko-maritim","20":"product_tag-segelschiff-deko","22":"first","23":"instock","24":"taxable","25":"shipping-taxable","26":"purchasable","27":"product-type-variable"},"yoast_head":"<!-- This site is optimized with the Yoast SEO plugin v27.3 - https:\/\/yoast.com\/product\/yoast-seo-wordpress\/ -->\n<title>Blechschild Loth Lorie\u0308n Sailing | Vintage-Segler (20x30 \/ 30x40 cm)<\/title>\n<meta name=\"description\" content=\"Blechschild Loth Lorie\u0308n Sailing - Maritimer Nostalgie-Look f\u00fcr dein Zuhause inkl. Montageset (Schrauben\/D\u00fcbel). Jetzt bei Cruisespotter bestellen!\" \/>\n<meta name=\"robots\" content=\"index, follow, max-snippet:-1, max-image-preview:large, max-video-preview:-1\" \/>\n<link rel=\"canonical\" href=\"https:\/\/cruisespotter.de\/en\/product\/blechschild-loth-lorien-sailing\/\" \/>\n<meta property=\"og:locale\" content=\"en_GB\" \/>\n<meta property=\"og:type\" content=\"article\" \/>\n<meta property=\"og:title\" content=\"Blechschild Loth Lorie\u0308n Sailing | Vintage-Segler (20x30 \/ 30x40 cm)\" \/>\n<meta property=\"og:description\" content=\"Blechschild Loth Lorie\u0308n Sailing - Maritimer Nostalgie-Look f\u00fcr dein Zuhause inkl. Montageset (Schrauben\/D\u00fcbel). Jetzt bei Cruisespotter bestellen!\" \/>\n<meta property=\"og:url\" content=\"https:\/\/cruisespotter.de\/en\/product\/blechschild-loth-lorien-sailing\/\" \/>\n<meta property=\"og:site_name\" content=\"Cruisespotter\" \/>\n<meta property=\"article:modified_time\" content=\"2026-03-30T09:22:39+00:00\" \/>\n<meta property=\"og:image\" content=\"https:\/\/cruisespotter.de\/wp-content\/uploads\/2026\/03\/001-blechschild-loth-lorien-sailing-cs-905141.jpg\" \/>\n\t<meta property=\"og:image:width\" content=\"1200\" \/>\n\t<meta property=\"og:image:height\" content=\"800\" \/>\n\t<meta property=\"og:image:type\" content=\"image\/jpeg\" \/>\n<meta name=\"twitter:card\" content=\"summary_large_image\" \/>\n<meta name=\"twitter:label1\" content=\"Estimated reading time\" \/>\n\t<meta name=\"twitter:data1\" content=\"1 minute\" \/>\n<script type=\"application\/ld+json\" class=\"yoast-schema-graph\">{\"@context\":\"https:\\\/\\\/schema.org\",\"@graph\":[{\"@type\":\"WebPage\",\"@id\":\"https:\\\/\\\/cruisespotter.de\\\/produkt\\\/blechschild-loth-lorien-sailing\\\/\",\"url\":\"https:\\\/\\\/cruisespotter.de\\\/produkt\\\/blechschild-loth-lorien-sailing\\\/\",\"name\":\"Blechschild Loth Lorie\u0308n Sailing | Vintage-Segler (20x30 \\\/ 30x40 cm)\",\"isPartOf\":{\"@id\":\"https:\\\/\\\/cruisespotter.de\\\/#website\"},\"primaryImageOfPage\":{\"@id\":\"https:\\\/\\\/cruisespotter.de\\\/produkt\\\/blechschild-loth-lorien-sailing\\\/#primaryimage\"},\"image\":{\"@id\":\"https:\\\/\\\/cruisespotter.de\\\/produkt\\\/blechschild-loth-lorien-sailing\\\/#primaryimage\"},\"thumbnailUrl\":\"https:\\\/\\\/cruisespotter.de\\\/wp-content\\\/uploads\\\/2026\\\/03\\\/001-blechschild-loth-lorien-sailing-cs-905141.jpg\",\"datePublished\":\"2026-03-25T08:28:25+00:00\",\"dateModified\":\"2026-03-30T09:22:39+00:00\",\"description\":\"Blechschild Loth Lorie\u0308n Sailing - Maritimer Nostalgie-Look f\u00fcr dein Zuhause inkl. Montageset (Schrauben\\\/D\u00fcbel). Jetzt bei Cruisespotter bestellen!\",\"breadcrumb\":{\"@id\":\"https:\\\/\\\/cruisespotter.de\\\/produkt\\\/blechschild-loth-lorien-sailing\\\/#breadcrumb\"},\"inLanguage\":\"en-GB\",\"potentialAction\":[{\"@type\":\"ReadAction\",\"target\":[\"https:\\\/\\\/cruisespotter.de\\\/produkt\\\/blechschild-loth-lorien-sailing\\\/\"]}]},{\"@type\":\"ImageObject\",\"inLanguage\":\"en-GB\",\"@id\":\"https:\\\/\\\/cruisespotter.de\\\/produkt\\\/blechschild-loth-lorien-sailing\\\/#primaryimage\",\"url\":\"https:\\\/\\\/cruisespotter.de\\\/wp-content\\\/uploads\\\/2026\\\/03\\\/001-blechschild-loth-lorien-sailing-cs-905141.jpg\",\"contentUrl\":\"https:\\\/\\\/cruisespotter.de\\\/wp-content\\\/uploads\\\/2026\\\/03\\\/001-blechschild-loth-lorien-sailing-cs-905141.jpg\",\"width\":1200,\"height\":800,\"caption\":\"Blechschild Loth Lorie\u0308n Sailing\"},{\"@type\":\"BreadcrumbList\",\"@id\":\"https:\\\/\\\/cruisespotter.de\\\/produkt\\\/blechschild-loth-lorien-sailing\\\/#breadcrumb\",\"itemListElement\":[{\"@type\":\"ListItem\",\"position\":1,\"name\":\"Start\",\"item\":\"https:\\\/\\\/cruisespotter.de\\\/\"},{\"@type\":\"ListItem\",\"position\":2,\"name\":\"Bordshop\",\"item\":\"https:\\\/\\\/cruisespotter.de\\\/bordshop\\\/\"},{\"@type\":\"ListItem\",\"position\":3,\"name\":\"Blechschild Loth Lorie\u0308n Sailing\"}]},{\"@type\":\"WebSite\",\"@id\":\"https:\\\/\\\/cruisespotter.de\\\/#website\",\"url\":\"https:\\\/\\\/cruisespotter.de\\\/\",\"name\":\"Cruisespotter\",\"description\":\"Dein Onlineshop f\u00fcr echte Schiffsfans\",\"publisher\":{\"@id\":\"https:\\\/\\\/cruisespotter.de\\\/#organization\"},\"alternateName\":\"Cruisespotter\",\"potentialAction\":[{\"@type\":\"SearchAction\",\"target\":{\"@type\":\"EntryPoint\",\"urlTemplate\":\"https:\\\/\\\/cruisespotter.de\\\/?s={search_term_string}\"},\"query-input\":{\"@type\":\"PropertyValueSpecification\",\"valueRequired\":true,\"valueName\":\"search_term_string\"}}],\"inLanguage\":\"en-GB\"},{\"@type\":\"Organization\",\"@id\":\"https:\\\/\\\/cruisespotter.de\\\/#organization\",\"name\":\"Cruisespotter\",\"alternateName\":\"Cruisespotter\",\"url\":\"https:\\\/\\\/cruisespotter.de\\\/\",\"logo\":{\"@type\":\"ImageObject\",\"inLanguage\":\"en-GB\",\"@id\":\"https:\\\/\\\/cruisespotter.de\\\/#\\\/schema\\\/logo\\\/image\\\/\",\"url\":\"https:\\\/\\\/cruisespotter.de\\\/wp-content\\\/uploads\\\/2026\\\/02\\\/beitrag-logo-cruisespotter-2026.jpg\",\"contentUrl\":\"https:\\\/\\\/cruisespotter.de\\\/wp-content\\\/uploads\\\/2026\\\/02\\\/beitrag-logo-cruisespotter-2026.jpg\",\"width\":512,\"height\":512,\"caption\":\"Cruisespotter\"},\"image\":{\"@id\":\"https:\\\/\\\/cruisespotter.de\\\/#\\\/schema\\\/logo\\\/image\\\/\"}}]}<\/script>\n<!-- \/ Yoast SEO plugin. -->","yoast_head_json":{"title":"Blechschild Loth Lorie\u0308n Sailing | Vintage-Segler (20x30 \/ 30x40 cm)","description":"Blechschild Loth Lorie\u0308n Sailing - Maritimer Nostalgie-Look f\u00fcr dein Zuhause inkl. Montageset (Schrauben\/D\u00fcbel). Jetzt bei Cruisespotter bestellen!","robots":{"index":"index","follow":"follow","max-snippet":"max-snippet:-1","max-image-preview":"max-image-preview:large","max-video-preview":"max-video-preview:-1"},"canonical":"https:\/\/cruisespotter.de\/en\/product\/blechschild-loth-lorien-sailing\/","og_locale":"en_GB","og_type":"article","og_title":"Blechschild Loth Lorie\u0308n Sailing | Vintage-Segler (20x30 \/ 30x40 cm)","og_description":"Blechschild Loth Lorie\u0308n Sailing - Maritimer Nostalgie-Look f\u00fcr dein Zuhause inkl. Montageset (Schrauben\/D\u00fcbel). Jetzt bei Cruisespotter bestellen!","og_url":"https:\/\/cruisespotter.de\/en\/product\/blechschild-loth-lorien-sailing\/","og_site_name":"Cruisespotter","article_modified_time":"2026-03-30T09:22:39+00:00","og_image":[{"width":1200,"height":800,"url":"https:\/\/cruisespotter.de\/wp-content\/uploads\/2026\/03\/001-blechschild-loth-lorien-sailing-cs-905141.jpg","type":"image\/jpeg"}],"twitter_card":"summary_large_image","twitter_misc":{"Estimated reading time":"1 minute"},"schema":{"@context":"https:\/\/schema.org","@graph":[{"@type":"WebPage","@id":"https:\/\/cruisespotter.de\/produkt\/blechschild-loth-lorien-sailing\/","url":"https:\/\/cruisespotter.de\/produkt\/blechschild-loth-lorien-sailing\/","name":"Blechschild Loth Lorie\u0308n Sailing | Vintage-Segler (20x30 \/ 30x40 cm)","isPartOf":{"@id":"https:\/\/cruisespotter.de\/#website"},"primaryImageOfPage":{"@id":"https:\/\/cruisespotter.de\/produkt\/blechschild-loth-lorien-sailing\/#primaryimage"},"image":{"@id":"https:\/\/cruisespotter.de\/produkt\/blechschild-loth-lorien-sailing\/#primaryimage"},"thumbnailUrl":"https:\/\/cruisespotter.de\/wp-content\/uploads\/2026\/03\/001-blechschild-loth-lorien-sailing-cs-905141.jpg","datePublished":"2026-03-25T08:28:25+00:00","dateModified":"2026-03-30T09:22:39+00:00","description":"Blechschild Loth Lorie\u0308n Sailing - Maritimer Nostalgie-Look f\u00fcr dein Zuhause inkl. Montageset (Schrauben\/D\u00fcbel). Jetzt bei Cruisespotter bestellen!","breadcrumb":{"@id":"https:\/\/cruisespotter.de\/produkt\/blechschild-loth-lorien-sailing\/#breadcrumb"},"inLanguage":"en-GB","potentialAction":[{"@type":"ReadAction","target":["https:\/\/cruisespotter.de\/produkt\/blechschild-loth-lorien-sailing\/"]}]},{"@type":"ImageObject","inLanguage":"en-GB","@id":"https:\/\/cruisespotter.de\/produkt\/blechschild-loth-lorien-sailing\/#primaryimage","url":"https:\/\/cruisespotter.de\/wp-content\/uploads\/2026\/03\/001-blechschild-loth-lorien-sailing-cs-905141.jpg","contentUrl":"https:\/\/cruisespotter.de\/wp-content\/uploads\/2026\/03\/001-blechschild-loth-lorien-sailing-cs-905141.jpg","width":1200,"height":800,"caption":"Blechschild Loth Lorie\u0308n Sailing"},{"@type":"BreadcrumbList","@id":"https:\/\/cruisespotter.de\/produkt\/blechschild-loth-lorien-sailing\/#breadcrumb","itemListElement":[{"@type":"ListItem","position":1,"name":"Start","item":"https:\/\/cruisespotter.de\/"},{"@type":"ListItem","position":2,"name":"Bordshop","item":"https:\/\/cruisespotter.de\/bordshop\/"},{"@type":"ListItem","position":3,"name":"Blechschild Loth Lorie\u0308n Sailing"}]},{"@type":"WebSite","@id":"https:\/\/cruisespotter.de\/#website","url":"https:\/\/cruisespotter.de\/","name":"Cruisespotter","description":"Dein Onlineshop f\u00fcr echte Schiffsfans","publisher":{"@id":"https:\/\/cruisespotter.de\/#organization"},"alternateName":"Cruisespotter","potentialAction":[{"@type":"SearchAction","target":{"@type":"EntryPoint","urlTemplate":"https:\/\/cruisespotter.de\/?s={search_term_string}"},"query-input":{"@type":"PropertyValueSpecification","valueRequired":true,"valueName":"search_term_string"}}],"inLanguage":"en-GB"},{"@type":"Organization","@id":"https:\/\/cruisespotter.de\/#organization","name":"Cruisespotter","alternateName":"Cruisespotter","url":"https:\/\/cruisespotter.de\/","logo":{"@type":"ImageObject","inLanguage":"en-GB","@id":"https:\/\/cruisespotter.de\/#\/schema\/logo\/image\/","url":"https:\/\/cruisespotter.de\/wp-content\/uploads\/2026\/02\/beitrag-logo-cruisespotter-2026.jpg","contentUrl":"https:\/\/cruisespotter.de\/wp-content\/uploads\/2026\/02\/beitrag-logo-cruisespotter-2026.jpg","width":512,"height":512,"caption":"Cruisespotter"},"image":{"@id":"https:\/\/cruisespotter.de\/#\/schema\/logo\/image\/"}}]}},"_links":{"self":[{"href":"https:\/\/cruisespotter.de\/en\/wp-json\/wp\/v2\/product\/38694","targetHints":{"allow":["GET"]}}],"collection":[{"href":"https:\/\/cruisespotter.de\/en\/wp-json\/wp\/v2\/product"}],"about":[{"href":"https:\/\/cruisespotter.de\/en\/wp-json\/wp\/v2\/types\/product"}],"replies":[{"embeddable":true,"href":"https:\/\/cruisespotter.de\/en\/wp-json\/wp\/v2\/comments?post=38694"}],"version-history":[{"count":3,"href":"https:\/\/cruisespotter.de\/en\/wp-json\/wp\/v2\/product\/38694\/revisions"}],"predecessor-version":[{"id":38718,"href":"https:\/\/cruisespotter.de\/en\/wp-json\/wp\/v2\/product\/38694\/revisions\/38718"}],"wp:featuredmedia":[{"embeddable":true,"href":"https:\/\/cruisespotter.de\/en\/wp-json\/wp\/v2\/media\/38695"}],"wp:attachment":[{"href":"https:\/\/cruisespotter.de\/en\/wp-json\/wp\/v2\/media?parent=38694"}],"wp:term":[{"taxonomy":"product_brand","embeddable":true,"href":"https:\/\/cruisespotter.de\/en\/wp-json\/wp\/v2\/product_brand?post=38694"},{"taxonomy":"product_cat","embeddable":true,"href":"https:\/\/cruisespotter.de\/en\/wp-json\/wp\/v2\/product_cat?post=38694"},{"taxonomy":"product_tag","embeddable":true,"href":"https:\/\/cruisespotter.de\/en\/wp-json\/wp\/v2\/product_tag?post=38694"}],"curies":[{"name":"wp","href":"https:\/\/api.w.org\/{rel}","templated":true}]}}