{"id":38739,"date":"2026-03-04T13:11:26","date_gmt":"2026-03-04T12:11:26","guid":{"rendered":"https:\/\/cruisespotter.de\/?post_type=product&#038;p=38739"},"modified":"2026-03-30T11:27:33","modified_gmt":"2026-03-30T09:27:33","slug":"blechschild-gorch-fock-warnemuende","status":"publish","type":"product","link":"https:\/\/cruisespotter.de\/en\/product\/blechschild-gorch-fock-warnemuende\/","title":{"rendered":"Blechschild Gorch Fock Warnemu\u0308nde"},"content":{"rendered":"<p data-path-to-node=\"10\"><b data-path-to-node=\"10\" data-index-in-node=\"0\">Die Botschafterin der Meere im zeitlosen Retro-Chic<\/b><\/p>\n<p data-path-to-node=\"11\">Mit dem <b data-path-to-node=\"11\" data-index-in-node=\"8\">Blechschild \u201eGorch Fock Warnem\u00fcnde\u201c<\/b> holst du dir ein echtes St\u00fcck maritime Tradition an deine Wand. Das Motiv zeigt die stolze Bark beim Auslaufen aus dem Warnem\u00fcnder Hafen \u2013 ein Anblick, der bei Sehleuten und Landratten gleicherma\u00dfen Fernweh weckt.<\/p>\n<p data-path-to-node=\"12\">Die Kombination aus der majest\u00e4tischen Takelage und dem kunstvollen <b data-path-to-node=\"12\" data-index-in-node=\"68\">Vintagelook<\/b> mit k\u00fcnstlichen Rosteffekten verleiht dem Schild eine au\u00dfergew\u00f6hnliche Authentizit\u00e4t. Es wirkt wie ein Fundst\u00fcck aus einem alten Kapit\u00e4nshaus und f\u00fcgt sich perfekt in klassische sowie moderne Einrichtungsstile ein. Da wir Wert auf Details legen, wird das Schild komplett mit Befestigungsmaterial geliefert \u2013 f\u00fcr einen festen Halt an jedem \u201eHeimathafen\u201c.<\/p>\n<p data-path-to-node=\"13\"><b data-path-to-node=\"13\" data-index-in-node=\"0\">Produktdetails auf einen Blick:<\/b><\/p>\n<ul data-path-to-node=\"14\">\n<li>\n<p data-path-to-node=\"14,0,0\"><b data-path-to-node=\"14,0,0\" data-index-in-node=\"0\">Motiv:<\/b> Legend\u00e4res Segelschulschiff Gorch Fock beim Auslaufen vor Warnem\u00fcnde.<\/p>\n<\/li>\n<li>\n<p data-path-to-node=\"14,1,0\"><b data-path-to-node=\"14,1,0\" data-index-in-node=\"0\">Stil:<\/b> Hochwertiger Vintagelook f\u00fcr Liebhaber von Nostalgie und Tradition.<\/p>\n<\/li>\n<li>\n<p data-path-to-node=\"14,2,0\"><b data-path-to-node=\"14,2,0\" data-index-in-node=\"0\">Formate:<\/b> Erh\u00e4ltlich als kompaktes <b data-path-to-node=\"14,2,0\" data-index-in-node=\"34\">20 x 30 cm<\/b> oder pr\u00e4sentes <b data-path-to-node=\"14,2,0\" data-index-in-node=\"60\">30 x 40 cm<\/b> Schild.<\/p>\n<\/li>\n<li>\n<p data-path-to-node=\"14,3,0\"><b data-path-to-node=\"14,3,0\" data-index-in-node=\"0\">Montage-Komfort:<\/b> Inklusive 4 vorgebohrter L\u00f6cher sowie passender <b data-path-to-node=\"14,3,0\" data-index-in-node=\"65\">Schrauben und D\u00fcbel<\/b>.<\/p>\n<\/li>\n<li>\n<p data-path-to-node=\"14,4,0\"><b data-path-to-node=\"14,4,0\" data-index-in-node=\"0\">Material:<\/b> Langlebiges Metallblech mit brillantem Druck und sch\u00fctzendem Finish.<\/p>\n<\/li>\n<\/ul>","protected":false},"excerpt":{"rendered":"<p>Mit dem <b data-path-to-node=\"11\" data-index-in-node=\"8\">Blechschild \u201eGorch Fock Warnem\u00fcnde\u201c<\/b> holst du dir ein echtes St\u00fcck maritime Tradition an deine Wand. Das Motiv zeigt die stolze Bark beim Auslaufen aus dem Warnem\u00fcnder Hafen \u2013 ein Anblick, der bei Sehleuten und Landratten gleicherma\u00dfen Fernweh weckt.<\/p>\n<h5><strong>Ausstattung<\/strong><\/h5>\n<ul>\n<li>4 vorgebohrter L\u00f6cher in den Ecken<\/li>\n<li>inkl. passenden Schrauben und D\u00fcbeln<\/li>\n<\/ul>","protected":false},"featured_media":38743,"comment_status":"closed","ping_status":"closed","template":"","meta":[],"product_brand":[55],"product_cat":[88,90,91,33],"product_tag":[],"class_list":{"0":"post-38739","1":"product","2":"type-product","3":"status-publish","4":"has-post-thumbnail","6":"product_brand-fotograf-stefan-mertin","7":"product_cat-stefan-mertin","8":"product_cat-segelschiffe","9":"product_cat-marineschiffe","10":"product_cat-deutschland","12":"first","13":"instock","14":"taxable","15":"shipping-taxable","16":"purchasable","17":"product-type-variable"},"yoast_head":"<!-- This site is optimized with the Yoast SEO plugin v27.3 - https:\/\/yoast.com\/product\/yoast-seo-wordpress\/ -->\n<title>Blechschild Gorch Fock Warnemu\u0308nde | Vintage-Deko Segelschiff<\/title>\n<meta name=\"description\" content=\"Blechschild Gorch Fock Warnemu\u0308nde - Nostalgie pur - Retro-Blechschild Inkl. Schrauben &amp; D\u00fcbeln. Ein Muss f\u00fcr Marine- &amp; Segel-Fans bei cruisespotter.de\" \/>\n<meta name=\"robots\" content=\"index, follow, max-snippet:-1, max-image-preview:large, max-video-preview:-1\" \/>\n<link rel=\"canonical\" href=\"https:\/\/cruisespotter.de\/en\/product\/blechschild-gorch-fock-warnemuende\/\" \/>\n<meta property=\"og:locale\" content=\"en_GB\" \/>\n<meta property=\"og:type\" content=\"article\" \/>\n<meta property=\"og:title\" content=\"Blechschild Gorch Fock Warnemu\u0308nde | Vintage-Deko Segelschiff\" \/>\n<meta property=\"og:description\" content=\"Blechschild Gorch Fock Warnemu\u0308nde - Nostalgie pur - Retro-Blechschild Inkl. Schrauben &amp; D\u00fcbeln. Ein Muss f\u00fcr Marine- &amp; Segel-Fans bei cruisespotter.de\" \/>\n<meta property=\"og:url\" content=\"https:\/\/cruisespotter.de\/en\/product\/blechschild-gorch-fock-warnemuende\/\" \/>\n<meta property=\"og:site_name\" content=\"Cruisespotter\" \/>\n<meta property=\"article:modified_time\" content=\"2026-03-30T09:27:33+00:00\" \/>\n<meta property=\"og:image\" content=\"https:\/\/cruisespotter.de\/wp-content\/uploads\/2026\/03\/001-blechschild-gorch-fock-warnemuende-cs-905144.jpg\" \/>\n\t<meta property=\"og:image:width\" content=\"1200\" \/>\n\t<meta property=\"og:image:height\" content=\"800\" \/>\n\t<meta property=\"og:image:type\" content=\"image\/jpeg\" \/>\n<meta name=\"twitter:card\" content=\"summary_large_image\" \/>\n<meta name=\"twitter:label1\" content=\"Estimated reading time\" \/>\n\t<meta name=\"twitter:data1\" content=\"2 minutes\" \/>\n<script type=\"application\/ld+json\" class=\"yoast-schema-graph\">{\"@context\":\"https:\\\/\\\/schema.org\",\"@graph\":[{\"@type\":\"WebPage\",\"@id\":\"https:\\\/\\\/cruisespotter.de\\\/produkt\\\/blechschild-gorch-fock-warnemuende\\\/\",\"url\":\"https:\\\/\\\/cruisespotter.de\\\/produkt\\\/blechschild-gorch-fock-warnemuende\\\/\",\"name\":\"Blechschild Gorch Fock Warnemu\u0308nde | Vintage-Deko Segelschiff\",\"isPartOf\":{\"@id\":\"https:\\\/\\\/cruisespotter.de\\\/#website\"},\"primaryImageOfPage\":{\"@id\":\"https:\\\/\\\/cruisespotter.de\\\/produkt\\\/blechschild-gorch-fock-warnemuende\\\/#primaryimage\"},\"image\":{\"@id\":\"https:\\\/\\\/cruisespotter.de\\\/produkt\\\/blechschild-gorch-fock-warnemuende\\\/#primaryimage\"},\"thumbnailUrl\":\"https:\\\/\\\/cruisespotter.de\\\/wp-content\\\/uploads\\\/2026\\\/03\\\/001-blechschild-gorch-fock-warnemuende-cs-905144.jpg\",\"datePublished\":\"2026-03-04T12:11:26+00:00\",\"dateModified\":\"2026-03-30T09:27:33+00:00\",\"description\":\"Blechschild Gorch Fock Warnemu\u0308nde - Nostalgie pur - Retro-Blechschild Inkl. Schrauben & D\u00fcbeln. Ein Muss f\u00fcr Marine- & Segel-Fans bei cruisespotter.de\",\"breadcrumb\":{\"@id\":\"https:\\\/\\\/cruisespotter.de\\\/produkt\\\/blechschild-gorch-fock-warnemuende\\\/#breadcrumb\"},\"inLanguage\":\"en-GB\",\"potentialAction\":[{\"@type\":\"ReadAction\",\"target\":[\"https:\\\/\\\/cruisespotter.de\\\/produkt\\\/blechschild-gorch-fock-warnemuende\\\/\"]}]},{\"@type\":\"ImageObject\",\"inLanguage\":\"en-GB\",\"@id\":\"https:\\\/\\\/cruisespotter.de\\\/produkt\\\/blechschild-gorch-fock-warnemuende\\\/#primaryimage\",\"url\":\"https:\\\/\\\/cruisespotter.de\\\/wp-content\\\/uploads\\\/2026\\\/03\\\/001-blechschild-gorch-fock-warnemuende-cs-905144.jpg\",\"contentUrl\":\"https:\\\/\\\/cruisespotter.de\\\/wp-content\\\/uploads\\\/2026\\\/03\\\/001-blechschild-gorch-fock-warnemuende-cs-905144.jpg\",\"width\":1200,\"height\":800,\"caption\":\"Blechschild Gorch Fock Warnemu\u0308nde\"},{\"@type\":\"BreadcrumbList\",\"@id\":\"https:\\\/\\\/cruisespotter.de\\\/produkt\\\/blechschild-gorch-fock-warnemuende\\\/#breadcrumb\",\"itemListElement\":[{\"@type\":\"ListItem\",\"position\":1,\"name\":\"Start\",\"item\":\"https:\\\/\\\/cruisespotter.de\\\/\"},{\"@type\":\"ListItem\",\"position\":2,\"name\":\"Bordshop\",\"item\":\"https:\\\/\\\/cruisespotter.de\\\/bordshop\\\/\"},{\"@type\":\"ListItem\",\"position\":3,\"name\":\"Blechschild Gorch Fock Warnemu\u0308nde\"}]},{\"@type\":\"WebSite\",\"@id\":\"https:\\\/\\\/cruisespotter.de\\\/#website\",\"url\":\"https:\\\/\\\/cruisespotter.de\\\/\",\"name\":\"Cruisespotter\",\"description\":\"Dein Onlineshop f\u00fcr echte Schiffsfans\",\"publisher\":{\"@id\":\"https:\\\/\\\/cruisespotter.de\\\/#organization\"},\"alternateName\":\"Cruisespotter\",\"potentialAction\":[{\"@type\":\"SearchAction\",\"target\":{\"@type\":\"EntryPoint\",\"urlTemplate\":\"https:\\\/\\\/cruisespotter.de\\\/?s={search_term_string}\"},\"query-input\":{\"@type\":\"PropertyValueSpecification\",\"valueRequired\":true,\"valueName\":\"search_term_string\"}}],\"inLanguage\":\"en-GB\"},{\"@type\":\"Organization\",\"@id\":\"https:\\\/\\\/cruisespotter.de\\\/#organization\",\"name\":\"Cruisespotter\",\"alternateName\":\"Cruisespotter\",\"url\":\"https:\\\/\\\/cruisespotter.de\\\/\",\"logo\":{\"@type\":\"ImageObject\",\"inLanguage\":\"en-GB\",\"@id\":\"https:\\\/\\\/cruisespotter.de\\\/#\\\/schema\\\/logo\\\/image\\\/\",\"url\":\"https:\\\/\\\/cruisespotter.de\\\/wp-content\\\/uploads\\\/2026\\\/02\\\/beitrag-logo-cruisespotter-2026.jpg\",\"contentUrl\":\"https:\\\/\\\/cruisespotter.de\\\/wp-content\\\/uploads\\\/2026\\\/02\\\/beitrag-logo-cruisespotter-2026.jpg\",\"width\":512,\"height\":512,\"caption\":\"Cruisespotter\"},\"image\":{\"@id\":\"https:\\\/\\\/cruisespotter.de\\\/#\\\/schema\\\/logo\\\/image\\\/\"}}]}<\/script>\n<!-- \/ Yoast SEO plugin. -->","yoast_head_json":{"title":"Blechschild Gorch Fock Warnemu\u0308nde | Vintage-Deko Segelschiff","description":"Blechschild Gorch Fock Warnemu\u0308nde - Nostalgie pur - Retro-Blechschild Inkl. Schrauben & D\u00fcbeln. Ein Muss f\u00fcr Marine- & Segel-Fans bei cruisespotter.de","robots":{"index":"index","follow":"follow","max-snippet":"max-snippet:-1","max-image-preview":"max-image-preview:large","max-video-preview":"max-video-preview:-1"},"canonical":"https:\/\/cruisespotter.de\/en\/product\/blechschild-gorch-fock-warnemuende\/","og_locale":"en_GB","og_type":"article","og_title":"Blechschild Gorch Fock Warnemu\u0308nde | Vintage-Deko Segelschiff","og_description":"Blechschild Gorch Fock Warnemu\u0308nde - Nostalgie pur - Retro-Blechschild Inkl. Schrauben & D\u00fcbeln. Ein Muss f\u00fcr Marine- & Segel-Fans bei cruisespotter.de","og_url":"https:\/\/cruisespotter.de\/en\/product\/blechschild-gorch-fock-warnemuende\/","og_site_name":"Cruisespotter","article_modified_time":"2026-03-30T09:27:33+00:00","og_image":[{"width":1200,"height":800,"url":"https:\/\/cruisespotter.de\/wp-content\/uploads\/2026\/03\/001-blechschild-gorch-fock-warnemuende-cs-905144.jpg","type":"image\/jpeg"}],"twitter_card":"summary_large_image","twitter_misc":{"Estimated reading time":"2 minutes"},"schema":{"@context":"https:\/\/schema.org","@graph":[{"@type":"WebPage","@id":"https:\/\/cruisespotter.de\/produkt\/blechschild-gorch-fock-warnemuende\/","url":"https:\/\/cruisespotter.de\/produkt\/blechschild-gorch-fock-warnemuende\/","name":"Blechschild Gorch Fock Warnemu\u0308nde | Vintage-Deko Segelschiff","isPartOf":{"@id":"https:\/\/cruisespotter.de\/#website"},"primaryImageOfPage":{"@id":"https:\/\/cruisespotter.de\/produkt\/blechschild-gorch-fock-warnemuende\/#primaryimage"},"image":{"@id":"https:\/\/cruisespotter.de\/produkt\/blechschild-gorch-fock-warnemuende\/#primaryimage"},"thumbnailUrl":"https:\/\/cruisespotter.de\/wp-content\/uploads\/2026\/03\/001-blechschild-gorch-fock-warnemuende-cs-905144.jpg","datePublished":"2026-03-04T12:11:26+00:00","dateModified":"2026-03-30T09:27:33+00:00","description":"Blechschild Gorch Fock Warnemu\u0308nde - Nostalgie pur - Retro-Blechschild Inkl. Schrauben & D\u00fcbeln. Ein Muss f\u00fcr Marine- & Segel-Fans bei cruisespotter.de","breadcrumb":{"@id":"https:\/\/cruisespotter.de\/produkt\/blechschild-gorch-fock-warnemuende\/#breadcrumb"},"inLanguage":"en-GB","potentialAction":[{"@type":"ReadAction","target":["https:\/\/cruisespotter.de\/produkt\/blechschild-gorch-fock-warnemuende\/"]}]},{"@type":"ImageObject","inLanguage":"en-GB","@id":"https:\/\/cruisespotter.de\/produkt\/blechschild-gorch-fock-warnemuende\/#primaryimage","url":"https:\/\/cruisespotter.de\/wp-content\/uploads\/2026\/03\/001-blechschild-gorch-fock-warnemuende-cs-905144.jpg","contentUrl":"https:\/\/cruisespotter.de\/wp-content\/uploads\/2026\/03\/001-blechschild-gorch-fock-warnemuende-cs-905144.jpg","width":1200,"height":800,"caption":"Blechschild Gorch Fock Warnemu\u0308nde"},{"@type":"BreadcrumbList","@id":"https:\/\/cruisespotter.de\/produkt\/blechschild-gorch-fock-warnemuende\/#breadcrumb","itemListElement":[{"@type":"ListItem","position":1,"name":"Start","item":"https:\/\/cruisespotter.de\/"},{"@type":"ListItem","position":2,"name":"Bordshop","item":"https:\/\/cruisespotter.de\/bordshop\/"},{"@type":"ListItem","position":3,"name":"Blechschild Gorch Fock Warnemu\u0308nde"}]},{"@type":"WebSite","@id":"https:\/\/cruisespotter.de\/#website","url":"https:\/\/cruisespotter.de\/","name":"Cruisespotter","description":"Dein Onlineshop f\u00fcr echte Schiffsfans","publisher":{"@id":"https:\/\/cruisespotter.de\/#organization"},"alternateName":"Cruisespotter","potentialAction":[{"@type":"SearchAction","target":{"@type":"EntryPoint","urlTemplate":"https:\/\/cruisespotter.de\/?s={search_term_string}"},"query-input":{"@type":"PropertyValueSpecification","valueRequired":true,"valueName":"search_term_string"}}],"inLanguage":"en-GB"},{"@type":"Organization","@id":"https:\/\/cruisespotter.de\/#organization","name":"Cruisespotter","alternateName":"Cruisespotter","url":"https:\/\/cruisespotter.de\/","logo":{"@type":"ImageObject","inLanguage":"en-GB","@id":"https:\/\/cruisespotter.de\/#\/schema\/logo\/image\/","url":"https:\/\/cruisespotter.de\/wp-content\/uploads\/2026\/02\/beitrag-logo-cruisespotter-2026.jpg","contentUrl":"https:\/\/cruisespotter.de\/wp-content\/uploads\/2026\/02\/beitrag-logo-cruisespotter-2026.jpg","width":512,"height":512,"caption":"Cruisespotter"},"image":{"@id":"https:\/\/cruisespotter.de\/#\/schema\/logo\/image\/"}}]}},"_links":{"self":[{"href":"https:\/\/cruisespotter.de\/en\/wp-json\/wp\/v2\/product\/38739","targetHints":{"allow":["GET"]}}],"collection":[{"href":"https:\/\/cruisespotter.de\/en\/wp-json\/wp\/v2\/product"}],"about":[{"href":"https:\/\/cruisespotter.de\/en\/wp-json\/wp\/v2\/types\/product"}],"replies":[{"embeddable":true,"href":"https:\/\/cruisespotter.de\/en\/wp-json\/wp\/v2\/comments?post=38739"}],"version-history":[{"count":2,"href":"https:\/\/cruisespotter.de\/en\/wp-json\/wp\/v2\/product\/38739\/revisions"}],"predecessor-version":[{"id":38748,"href":"https:\/\/cruisespotter.de\/en\/wp-json\/wp\/v2\/product\/38739\/revisions\/38748"}],"wp:featuredmedia":[{"embeddable":true,"href":"https:\/\/cruisespotter.de\/en\/wp-json\/wp\/v2\/media\/38743"}],"wp:attachment":[{"href":"https:\/\/cruisespotter.de\/en\/wp-json\/wp\/v2\/media?parent=38739"}],"wp:term":[{"taxonomy":"product_brand","embeddable":true,"href":"https:\/\/cruisespotter.de\/en\/wp-json\/wp\/v2\/product_brand?post=38739"},{"taxonomy":"product_cat","embeddable":true,"href":"https:\/\/cruisespotter.de\/en\/wp-json\/wp\/v2\/product_cat?post=38739"},{"taxonomy":"product_tag","embeddable":true,"href":"https:\/\/cruisespotter.de\/en\/wp-json\/wp\/v2\/product_tag?post=38739"}],"curies":[{"name":"wp","href":"https:\/\/api.w.org\/{rel}","templated":true}]}}