{"id":39711,"date":"2026-03-02T11:06:35","date_gmt":"2026-03-02T10:06:35","guid":{"rendered":"https:\/\/cruisespotter.de\/?post_type=product&#038;p=39711"},"modified":"2026-04-02T11:11:01","modified_gmt":"2026-04-02T09:11:01","slug":"mein-schiff-fjord-momente","status":"publish","type":"product","link":"https:\/\/cruisespotter.de\/en\/product\/mein-schiff-fjord-momente\/","title":{"rendered":"Mein Schiff Fjord-Momente"},"content":{"rendered":"<p data-path-to-node=\"9\"><b data-path-to-node=\"9\" data-index-in-node=\"0\">Wo die Berge das Meer ber\u00fchren \u2013 Dein Fenster zu den Fjorden<\/b><\/p>\n<p data-path-to-node=\"10\">Es ist ein Moment vollkommener Stille und Erhabenheit: Die <b data-path-to-node=\"10\" data-index-in-node=\"59\">Mein Schiff<\/b> liegt sicher vor Anker, umgeben von den steilen, gr\u00fcnen Bergh\u00e4ngen und dem tiefblauen Wasser eines norwegischen Fjords. Mit dem Wandbild <b data-path-to-node=\"10\" data-index-in-node=\"208\">\u201eMein Schiff Fjord-Momente\u201c<\/b> f\u00e4ngst du diese einzigartige Symbiose aus moderner Kreuzfahrt und unber\u00fchrter Natur ein.<\/p>\n<p data-path-to-node=\"11\">Die Komposition besticht durch ihren nat\u00fcrlichen Rahmen aus gr\u00fcnen Bl\u00e4ttern im Vordergrund, der den Blick direkt auf den majest\u00e4tischen Bug des Schiffes und die schneebedeckten Gipfel im Hintergrund lenkt. Ein Bild, das Ruhe ausstrahlt und dich jedes Mal aufs Neue von deiner n\u00e4chsten Reise in den hohen Norden tr\u00e4umen l\u00e4sst. Ideal f\u00fcr alle, die das \u201eWohlf\u00fchlgef\u00fchl\u201c der Mein Schiff Flotte lieben.<\/p>\n<p data-path-to-node=\"12\"><b data-path-to-node=\"12\" data-index-in-node=\"0\">Produktdetails auf einen Blick:<\/b><\/p>\n<ul data-path-to-node=\"13\">\n<li>\n<p data-path-to-node=\"13,0,0\"><b data-path-to-node=\"13,0,0\" data-index-in-node=\"0\">Motiv:<\/b> Mein Schiff (TUI Cruises) in einer malerischen Fjord-Landschaft in Norwegen.<\/p>\n<\/li>\n<li>\n<p data-path-to-node=\"13,1,0\"><b data-path-to-node=\"13,1,0\" data-index-in-node=\"0\">Szenerie:<\/b> Kontrastreiches Zusammenspiel von tiefblauem Wasser, gr\u00fcner Natur und dramatischen Bergpanoramen.<\/p>\n<\/li>\n<li>\n<p data-path-to-node=\"13,2,0\"><b data-path-to-node=\"13,2,0\" data-index-in-node=\"0\">Atmosph\u00e4re:<\/b> Beruhigend, idyllisch, imposant und sehnsuchtsvoll.<\/p>\n<\/li>\n<li>\n<p data-path-to-node=\"13,3,0\"><b data-path-to-node=\"13,3,0\" data-index-in-node=\"0\">Wirkung:<\/b> Ein harmonischer Blickfang, der Naturliebhaber und Kreuzfahrt-Fans gleicherma\u00dfen begeistert.<\/p>\n<\/li>\n<li>\n<p data-path-to-node=\"13,4,0\"><b data-path-to-node=\"13,4,0\" data-index-in-node=\"0\">Premium-Druck:<\/b> Erh\u00e4ltlich auf hochwertiger Leinwand, edlem Acrylglas, modernem Alu-Dibond oder als klassisches Poster.<\/p>\n<\/li>\n<\/ul>","protected":false},"excerpt":{"rendered":"<p>Es ist ein Moment vollkommener Stille und Erhabenheit: Die <b data-path-to-node=\"10\" data-index-in-node=\"59\">Mein Schiff<\/b> liegt sicher vor Anker, umgeben von den steilen, gr\u00fcnen Bergh\u00e4ngen und dem tiefblauen Wasser eines norwegischen Fjords. Mit dem Wandbild <b data-path-to-node=\"10\" data-index-in-node=\"208\">\u201eMein Schiff Fjord-Momente\u201c<\/b> f\u00e4ngst du diese einzigartige Symbiose aus moderner Kreuzfahrt und unber\u00fchrter Natur ein.<\/p>","protected":false},"featured_media":39796,"comment_status":"open","ping_status":"closed","template":"","meta":[],"product_brand":[55],"product_cat":[34,51,82,88],"product_tag":[1033,1304,1305,1306,1307,1308,1309,1310,467,1311,1021],"class_list":{"0":"post-39711","1":"product","2":"type-product","3":"status-publish","4":"has-post-thumbnail","6":"product_brand-fotograf-stefan-mertin","7":"product_cat-norwegen","8":"product_cat-wandbilder","9":"product_cat-kreuzfahrtschiffe","10":"product_cat-stefan-mertin","11":"product_tag-geirangerfjord-motiv","12":"product_tag-wandbild-mein-schiff","13":"product_tag-norwegen-kreuzfahrt-foto","14":"product_tag-fjord-momente-bild","15":"product_tag-tui-cruises-wandbild","16":"product_tag-norwegische-fjorde-deko","17":"product_tag-geschenk-fuer-mein-schiff-fans","18":"product_tag-kreuzfahrt-nordeuropa","19":"product_tag-maritime-fotokunst","20":"product_tag-landschaftsfotografie-norwegen","21":"product_tag-cruisespotter-shop","22":"product_shipping_class-wandbild","24":"first","25":"instock","26":"taxable","27":"shipping-taxable","28":"purchasable","29":"product-type-variable"},"yoast_head":"<!-- This site is optimized with the Yoast SEO plugin v27.3 - https:\/\/yoast.com\/product\/yoast-seo-wordpress\/ -->\n<title>Mein Schiff Fjord-Momente in Norwegen | Fotokunst kaufen<\/title>\n<meta name=\"description\" content=\"Mein Schiff Fjord-Momente - Idylle pur: Das Wandbild zeigt das Kreuzfahrtschiff inmitten der norwegischen Natur. Hol dir die Fjorde nach Hause!\" \/>\n<meta name=\"robots\" content=\"index, follow, max-snippet:-1, max-image-preview:large, max-video-preview:-1\" \/>\n<link rel=\"canonical\" href=\"https:\/\/cruisespotter.de\/en\/product\/mein-schiff-fjord-momente\/\" \/>\n<meta property=\"og:locale\" content=\"en_GB\" \/>\n<meta property=\"og:type\" content=\"article\" \/>\n<meta property=\"og:title\" content=\"Mein Schiff Fjord-Momente in Norwegen | Fotokunst kaufen\" \/>\n<meta property=\"og:description\" content=\"Mein Schiff Fjord-Momente - Idylle pur: Das Wandbild zeigt das Kreuzfahrtschiff inmitten der norwegischen Natur. Hol dir die Fjorde nach Hause!\" \/>\n<meta property=\"og:url\" content=\"https:\/\/cruisespotter.de\/en\/product\/mein-schiff-fjord-momente\/\" \/>\n<meta property=\"og:site_name\" content=\"Cruisespotter\" \/>\n<meta property=\"article:modified_time\" content=\"2026-04-02T09:11:01+00:00\" \/>\n<meta property=\"og:image\" content=\"https:\/\/cruisespotter.de\/wp-content\/uploads\/2026\/04\/001-mein-schiff-fjord-momente-cs-909098.jpg\" \/>\n\t<meta property=\"og:image:width\" content=\"1200\" \/>\n\t<meta property=\"og:image:height\" content=\"800\" \/>\n\t<meta property=\"og:image:type\" content=\"image\/jpeg\" \/>\n<meta name=\"twitter:card\" content=\"summary_large_image\" \/>\n<meta name=\"twitter:label1\" content=\"Estimated reading time\" \/>\n\t<meta name=\"twitter:data1\" content=\"2 minutes\" \/>\n<script type=\"application\/ld+json\" class=\"yoast-schema-graph\">{\"@context\":\"https:\\\/\\\/schema.org\",\"@graph\":[{\"@type\":\"WebPage\",\"@id\":\"https:\\\/\\\/cruisespotter.de\\\/produkt\\\/mein-schiff-fjord-momente\\\/\",\"url\":\"https:\\\/\\\/cruisespotter.de\\\/produkt\\\/mein-schiff-fjord-momente\\\/\",\"name\":\"Mein Schiff Fjord-Momente in Norwegen | Fotokunst kaufen\",\"isPartOf\":{\"@id\":\"https:\\\/\\\/cruisespotter.de\\\/#website\"},\"primaryImageOfPage\":{\"@id\":\"https:\\\/\\\/cruisespotter.de\\\/produkt\\\/mein-schiff-fjord-momente\\\/#primaryimage\"},\"image\":{\"@id\":\"https:\\\/\\\/cruisespotter.de\\\/produkt\\\/mein-schiff-fjord-momente\\\/#primaryimage\"},\"thumbnailUrl\":\"https:\\\/\\\/cruisespotter.de\\\/wp-content\\\/uploads\\\/2026\\\/04\\\/001-mein-schiff-fjord-momente-cs-909098.jpg\",\"datePublished\":\"2026-03-02T10:06:35+00:00\",\"dateModified\":\"2026-04-02T09:11:01+00:00\",\"description\":\"Mein Schiff Fjord-Momente - Idylle pur: Das Wandbild zeigt das Kreuzfahrtschiff inmitten der norwegischen Natur. Hol dir die Fjorde nach Hause!\",\"breadcrumb\":{\"@id\":\"https:\\\/\\\/cruisespotter.de\\\/produkt\\\/mein-schiff-fjord-momente\\\/#breadcrumb\"},\"inLanguage\":\"en-GB\",\"potentialAction\":[{\"@type\":\"ReadAction\",\"target\":[\"https:\\\/\\\/cruisespotter.de\\\/produkt\\\/mein-schiff-fjord-momente\\\/\"]}]},{\"@type\":\"ImageObject\",\"inLanguage\":\"en-GB\",\"@id\":\"https:\\\/\\\/cruisespotter.de\\\/produkt\\\/mein-schiff-fjord-momente\\\/#primaryimage\",\"url\":\"https:\\\/\\\/cruisespotter.de\\\/wp-content\\\/uploads\\\/2026\\\/04\\\/001-mein-schiff-fjord-momente-cs-909098.jpg\",\"contentUrl\":\"https:\\\/\\\/cruisespotter.de\\\/wp-content\\\/uploads\\\/2026\\\/04\\\/001-mein-schiff-fjord-momente-cs-909098.jpg\",\"width\":1200,\"height\":800,\"caption\":\"Mein Schiff Fjord-Momente\"},{\"@type\":\"BreadcrumbList\",\"@id\":\"https:\\\/\\\/cruisespotter.de\\\/produkt\\\/mein-schiff-fjord-momente\\\/#breadcrumb\",\"itemListElement\":[{\"@type\":\"ListItem\",\"position\":1,\"name\":\"Start\",\"item\":\"https:\\\/\\\/cruisespotter.de\\\/\"},{\"@type\":\"ListItem\",\"position\":2,\"name\":\"Bordshop\",\"item\":\"https:\\\/\\\/cruisespotter.de\\\/bordshop\\\/\"},{\"@type\":\"ListItem\",\"position\":3,\"name\":\"Mein Schiff Fjord-Momente\"}]},{\"@type\":\"WebSite\",\"@id\":\"https:\\\/\\\/cruisespotter.de\\\/#website\",\"url\":\"https:\\\/\\\/cruisespotter.de\\\/\",\"name\":\"Cruisespotter\",\"description\":\"Dein Onlineshop f\u00fcr echte Schiffsfans\",\"publisher\":{\"@id\":\"https:\\\/\\\/cruisespotter.de\\\/#organization\"},\"alternateName\":\"Cruisespotter\",\"potentialAction\":[{\"@type\":\"SearchAction\",\"target\":{\"@type\":\"EntryPoint\",\"urlTemplate\":\"https:\\\/\\\/cruisespotter.de\\\/?s={search_term_string}\"},\"query-input\":{\"@type\":\"PropertyValueSpecification\",\"valueRequired\":true,\"valueName\":\"search_term_string\"}}],\"inLanguage\":\"en-GB\"},{\"@type\":\"Organization\",\"@id\":\"https:\\\/\\\/cruisespotter.de\\\/#organization\",\"name\":\"Cruisespotter\",\"alternateName\":\"Cruisespotter\",\"url\":\"https:\\\/\\\/cruisespotter.de\\\/\",\"logo\":{\"@type\":\"ImageObject\",\"inLanguage\":\"en-GB\",\"@id\":\"https:\\\/\\\/cruisespotter.de\\\/#\\\/schema\\\/logo\\\/image\\\/\",\"url\":\"https:\\\/\\\/cruisespotter.de\\\/wp-content\\\/uploads\\\/2026\\\/02\\\/beitrag-logo-cruisespotter-2026.jpg\",\"contentUrl\":\"https:\\\/\\\/cruisespotter.de\\\/wp-content\\\/uploads\\\/2026\\\/02\\\/beitrag-logo-cruisespotter-2026.jpg\",\"width\":512,\"height\":512,\"caption\":\"Cruisespotter\"},\"image\":{\"@id\":\"https:\\\/\\\/cruisespotter.de\\\/#\\\/schema\\\/logo\\\/image\\\/\"}}]}<\/script>\n<!-- \/ Yoast SEO plugin. -->","yoast_head_json":{"title":"Mein Schiff Fjord-Momente in Norwegen | Fotokunst kaufen","description":"Mein Schiff Fjord-Momente - Idylle pur: Das Wandbild zeigt das Kreuzfahrtschiff inmitten der norwegischen Natur. Hol dir die Fjorde nach Hause!","robots":{"index":"index","follow":"follow","max-snippet":"max-snippet:-1","max-image-preview":"max-image-preview:large","max-video-preview":"max-video-preview:-1"},"canonical":"https:\/\/cruisespotter.de\/en\/product\/mein-schiff-fjord-momente\/","og_locale":"en_GB","og_type":"article","og_title":"Mein Schiff Fjord-Momente in Norwegen | Fotokunst kaufen","og_description":"Mein Schiff Fjord-Momente - Idylle pur: Das Wandbild zeigt das Kreuzfahrtschiff inmitten der norwegischen Natur. Hol dir die Fjorde nach Hause!","og_url":"https:\/\/cruisespotter.de\/en\/product\/mein-schiff-fjord-momente\/","og_site_name":"Cruisespotter","article_modified_time":"2026-04-02T09:11:01+00:00","og_image":[{"width":1200,"height":800,"url":"https:\/\/cruisespotter.de\/wp-content\/uploads\/2026\/04\/001-mein-schiff-fjord-momente-cs-909098.jpg","type":"image\/jpeg"}],"twitter_card":"summary_large_image","twitter_misc":{"Estimated reading time":"2 minutes"},"schema":{"@context":"https:\/\/schema.org","@graph":[{"@type":"WebPage","@id":"https:\/\/cruisespotter.de\/produkt\/mein-schiff-fjord-momente\/","url":"https:\/\/cruisespotter.de\/produkt\/mein-schiff-fjord-momente\/","name":"Mein Schiff Fjord-Momente in Norwegen | Fotokunst kaufen","isPartOf":{"@id":"https:\/\/cruisespotter.de\/#website"},"primaryImageOfPage":{"@id":"https:\/\/cruisespotter.de\/produkt\/mein-schiff-fjord-momente\/#primaryimage"},"image":{"@id":"https:\/\/cruisespotter.de\/produkt\/mein-schiff-fjord-momente\/#primaryimage"},"thumbnailUrl":"https:\/\/cruisespotter.de\/wp-content\/uploads\/2026\/04\/001-mein-schiff-fjord-momente-cs-909098.jpg","datePublished":"2026-03-02T10:06:35+00:00","dateModified":"2026-04-02T09:11:01+00:00","description":"Mein Schiff Fjord-Momente - Idylle pur: Das Wandbild zeigt das Kreuzfahrtschiff inmitten der norwegischen Natur. Hol dir die Fjorde nach Hause!","breadcrumb":{"@id":"https:\/\/cruisespotter.de\/produkt\/mein-schiff-fjord-momente\/#breadcrumb"},"inLanguage":"en-GB","potentialAction":[{"@type":"ReadAction","target":["https:\/\/cruisespotter.de\/produkt\/mein-schiff-fjord-momente\/"]}]},{"@type":"ImageObject","inLanguage":"en-GB","@id":"https:\/\/cruisespotter.de\/produkt\/mein-schiff-fjord-momente\/#primaryimage","url":"https:\/\/cruisespotter.de\/wp-content\/uploads\/2026\/04\/001-mein-schiff-fjord-momente-cs-909098.jpg","contentUrl":"https:\/\/cruisespotter.de\/wp-content\/uploads\/2026\/04\/001-mein-schiff-fjord-momente-cs-909098.jpg","width":1200,"height":800,"caption":"Mein Schiff Fjord-Momente"},{"@type":"BreadcrumbList","@id":"https:\/\/cruisespotter.de\/produkt\/mein-schiff-fjord-momente\/#breadcrumb","itemListElement":[{"@type":"ListItem","position":1,"name":"Start","item":"https:\/\/cruisespotter.de\/"},{"@type":"ListItem","position":2,"name":"Bordshop","item":"https:\/\/cruisespotter.de\/bordshop\/"},{"@type":"ListItem","position":3,"name":"Mein Schiff Fjord-Momente"}]},{"@type":"WebSite","@id":"https:\/\/cruisespotter.de\/#website","url":"https:\/\/cruisespotter.de\/","name":"Cruisespotter","description":"Dein Onlineshop f\u00fcr echte Schiffsfans","publisher":{"@id":"https:\/\/cruisespotter.de\/#organization"},"alternateName":"Cruisespotter","potentialAction":[{"@type":"SearchAction","target":{"@type":"EntryPoint","urlTemplate":"https:\/\/cruisespotter.de\/?s={search_term_string}"},"query-input":{"@type":"PropertyValueSpecification","valueRequired":true,"valueName":"search_term_string"}}],"inLanguage":"en-GB"},{"@type":"Organization","@id":"https:\/\/cruisespotter.de\/#organization","name":"Cruisespotter","alternateName":"Cruisespotter","url":"https:\/\/cruisespotter.de\/","logo":{"@type":"ImageObject","inLanguage":"en-GB","@id":"https:\/\/cruisespotter.de\/#\/schema\/logo\/image\/","url":"https:\/\/cruisespotter.de\/wp-content\/uploads\/2026\/02\/beitrag-logo-cruisespotter-2026.jpg","contentUrl":"https:\/\/cruisespotter.de\/wp-content\/uploads\/2026\/02\/beitrag-logo-cruisespotter-2026.jpg","width":512,"height":512,"caption":"Cruisespotter"},"image":{"@id":"https:\/\/cruisespotter.de\/#\/schema\/logo\/image\/"}}]}},"_links":{"self":[{"href":"https:\/\/cruisespotter.de\/en\/wp-json\/wp\/v2\/product\/39711","targetHints":{"allow":["GET"]}}],"collection":[{"href":"https:\/\/cruisespotter.de\/en\/wp-json\/wp\/v2\/product"}],"about":[{"href":"https:\/\/cruisespotter.de\/en\/wp-json\/wp\/v2\/types\/product"}],"replies":[{"embeddable":true,"href":"https:\/\/cruisespotter.de\/en\/wp-json\/wp\/v2\/comments?post=39711"}],"version-history":[{"count":3,"href":"https:\/\/cruisespotter.de\/en\/wp-json\/wp\/v2\/product\/39711\/revisions"}],"predecessor-version":[{"id":39803,"href":"https:\/\/cruisespotter.de\/en\/wp-json\/wp\/v2\/product\/39711\/revisions\/39803"}],"wp:featuredmedia":[{"embeddable":true,"href":"https:\/\/cruisespotter.de\/en\/wp-json\/wp\/v2\/media\/39796"}],"wp:attachment":[{"href":"https:\/\/cruisespotter.de\/en\/wp-json\/wp\/v2\/media?parent=39711"}],"wp:term":[{"taxonomy":"product_brand","embeddable":true,"href":"https:\/\/cruisespotter.de\/en\/wp-json\/wp\/v2\/product_brand?post=39711"},{"taxonomy":"product_cat","embeddable":true,"href":"https:\/\/cruisespotter.de\/en\/wp-json\/wp\/v2\/product_cat?post=39711"},{"taxonomy":"product_tag","embeddable":true,"href":"https:\/\/cruisespotter.de\/en\/wp-json\/wp\/v2\/product_tag?post=39711"}],"curies":[{"name":"wp","href":"https:\/\/api.w.org\/{rel}","templated":true}]}}