{"id":40309,"date":"2026-04-09T07:35:45","date_gmt":"2026-04-09T05:35:45","guid":{"rendered":"https:\/\/cruisespotter.de\/?post_type=product&#038;p=40309"},"modified":"2026-04-09T07:39:57","modified_gmt":"2026-04-09T05:39:57","slug":"tischset-mein-schiff-7-nachts-in-oslo","status":"publish","type":"product","link":"https:\/\/cruisespotter.de\/en\/product\/tischset-mein-schiff-7-nachts-in-oslo\/","title":{"rendered":"Tischset Mein Schiff 7 Nachts in Oslo"},"content":{"rendered":"<p data-path-to-node=\"9\"><b data-path-to-node=\"9\" data-index-in-node=\"0\">Hafenlichter auf deinem Tisch \u2013 Ein Abendessen in Oslo<\/b><\/p>\n<p data-path-to-node=\"10\">Hol dir die magische Atmosph\u00e4re einer skandinavischen Nacht direkt an deinen Essplatz. Das Tischset <b data-path-to-node=\"10\" data-index-in-node=\"100\">\u201eMein Schiff 7 Nachts in Oslo\u201c<\/b> zeigt das neueste Flottenmitglied der Wohlf\u00fchlflotte in voller Pracht. Vor der n\u00e4chtlichen Kulisse der norwegischen Hauptstadt Oslo strahlt die <b data-path-to-node=\"10\" data-index-in-node=\"275\">Mein Schiff 7<\/b> mit ihren unz\u00e4hligen Lichtern, die sich sanft im ruhigen Hafenwasser spiegeln.<\/p>\n<p data-path-to-node=\"11\">Dieses Tischset ist nicht nur ein praktischer Schutz f\u00fcr deinen Tisch, sondern ein echtes Design-Statement f\u00fcr jeden Kreuzfahrt-Fan. Ob beim schnellen Fr\u00fchst\u00fcck oder dem ausgiebigen Kapit\u00e4ns-Dinner zu Hause \u2013 mit diesem Motiv schmeckt jedes Gericht nach Fernweh und Meer.<\/p>\n<p data-path-to-node=\"12\"><b data-path-to-node=\"12\" data-index-in-node=\"0\">W\u00e4hle deine passende Gr\u00f6\u00dfe:<\/b><\/p>\n<ul data-path-to-node=\"13\">\n<li>\n<p data-path-to-node=\"13,0,0\"><b data-path-to-node=\"13,0,0\" data-index-in-node=\"0\">Modell \u201ePlanke\u201c:<\/b> <b data-path-to-node=\"13,0,0\" data-index-in-node=\"28\">41,5 x 29 cm<\/b> \u2013 ideal f\u00fcr den gro\u00dfen Hunger und viel Platz f\u00fcr Gedeck und Gl\u00e4ser.<\/p>\n<\/li>\n<li>\n<p data-path-to-node=\"13,1,0\"><b data-path-to-node=\"13,1,0\" data-index-in-node=\"0\">Modell \u201eAnker\u201c:<\/b> <b data-path-to-node=\"13,1,0\" data-index-in-node=\"25\">39 x 26 cm<\/b> \u2013 perfekt f\u00fcr kleinere Tische oder als stilvoller maritimer Akzent zwischendurch.<\/p>\n<\/li>\n<\/ul>\n<p data-path-to-node=\"14\"><b data-path-to-node=\"14\" data-index-in-node=\"0\">Produktdetails auf einen Blick:<\/b><\/p>\n<ul data-path-to-node=\"15\">\n<li>\n<p data-path-to-node=\"15,0,0\"><b data-path-to-node=\"15,0,0\" data-index-in-node=\"0\">Motiv:<\/b> Exklusive Nachtaufnahme der Mein Schiff 7 im Hafen von Oslo.<\/p>\n<\/li>\n<li>\n<p data-path-to-node=\"15,1,0\"><b data-path-to-node=\"15,1,0\" data-index-in-node=\"0\">Material:<\/b> Hochwertiger, langlebiger Druck mit abwischbarer Oberfl\u00e4che \u2013 pflegeleicht und robust.<\/p>\n<\/li>\n<li>\n<p data-path-to-node=\"15,2,0\"><b data-path-to-node=\"15,2,0\" data-index-in-node=\"0\">Atmosph\u00e4re:<\/b> Edel, ruhig und modern durch die brillanten Nachtfarben.<\/p>\n<\/li>\n<li>\n<p data-path-to-node=\"15,3,0\"><b data-path-to-node=\"15,3,0\" data-index-in-node=\"0\">Einsatzbereich:<\/b> Perfekt f\u00fcr den Esstisch, den Balkon oder als hochwertige Unterlage im B\u00fcro.<\/p>\n<\/li>\n<\/ul>","protected":false},"excerpt":{"rendered":"<p>Hol dir die magische Atmosph\u00e4re einer skandinavischen Nacht direkt an deinen Essplatz. Das Tischset <b data-path-to-node=\"10\" data-index-in-node=\"100\">\u201eMein Schiff 7 Nachts in Oslo\u201c<\/b> zeigt das neueste Flottenmitglied der Wohlf\u00fchlflotte in voller Pracht. Vor der n\u00e4chtlichen Kulisse der norwegischen Hauptstadt Oslo strahlt die <b data-path-to-node=\"10\" data-index-in-node=\"275\">Mein Schiff 7<\/b> mit ihren unz\u00e4hligen Lichtern, die sich sanft im ruhigen Hafenwasser spiegeln.<\/p>\n<p>Ausf\u00fchrung: <strong>Planke<\/strong><br \/>\nMaterial: 90% Polyester, 10% Baumwolle<br \/>\nGr\u00f6\u00dfe: 41,5 x 29,0 cm<\/p>\n<p>Ausf\u00fchrung: <strong>Anker<\/strong><br \/>\nMaterial: 90% Gummi, 10% Polyester<br \/>\nGr\u00f6\u00dfe: 39,0 x 26,0 cm<\/p>\n<h6>Dekoration nicht im Lieferumfang enthalten<\/h6>","protected":false},"featured_media":40315,"comment_status":"closed","ping_status":"closed","template":"","meta":[],"product_brand":[55],"product_cat":[82,933,34],"product_tag":[854,1382,856,952,643,1021,1377,1378,1379,1380,1381],"class_list":{"0":"post-40309","1":"product","2":"type-product","3":"status-publish","4":"has-post-thumbnail","6":"product_brand-fotograf-stefan-mertin","7":"product_cat-kreuzfahrtschiffe","8":"product_cat-tischset","9":"product_cat-norwegen","10":"product_tag-platzset-kreuzfahrt","11":"product_tag-oslo-hafen-nachtfoto","12":"product_tag-maritime-tischdeko","13":"product_tag-tui-cruises-fanartikel","14":"product_tag-geschenk-fuer-kreuzfahrer","15":"product_tag-cruisespotter-shop","16":"product_tag-tischset-mein-schiff-7","17":"product_tag-mein-schiff-oslo-nacht","18":"product_tag-tischmatte-schiffsmotiv","19":"product_tag-mein-schiff-7-souvenir","20":"product_tag-esstisch-deko-meer","22":"first","23":"instock","24":"taxable","25":"shipping-taxable","26":"purchasable","27":"product-type-variable"},"yoast_head":"<!-- This site is optimized with the Yoast SEO plugin v27.3 - https:\/\/yoast.com\/product\/yoast-seo-wordpress\/ -->\n<title>Tischset Mein Schiff 7 Nachts in Oslo bei cruisespotter.de<\/title>\n<meta name=\"description\" content=\"Tischset Mein Schiff 7 Nachts in Oslo - Abendessen mit Hafenblick: Dieses Tischset bringt die Lichter Norwegens auf deinen Tisch. Varianten Planke &amp; Anker.\" \/>\n<meta name=\"robots\" content=\"index, follow, max-snippet:-1, max-image-preview:large, max-video-preview:-1\" \/>\n<link rel=\"canonical\" href=\"https:\/\/cruisespotter.de\/en\/product\/tischset-mein-schiff-7-nachts-in-oslo\/\" \/>\n<meta property=\"og:locale\" content=\"en_GB\" \/>\n<meta property=\"og:type\" content=\"article\" \/>\n<meta property=\"og:title\" content=\"Tischset Mein Schiff 7 Nachts in Oslo bei cruisespotter.de\" \/>\n<meta property=\"og:description\" content=\"Tischset Mein Schiff 7 Nachts in Oslo - Abendessen mit Hafenblick: Dieses Tischset bringt die Lichter Norwegens auf deinen Tisch. Varianten Planke &amp; Anker.\" \/>\n<meta property=\"og:url\" content=\"https:\/\/cruisespotter.de\/en\/product\/tischset-mein-schiff-7-nachts-in-oslo\/\" \/>\n<meta property=\"og:site_name\" content=\"Cruisespotter\" \/>\n<meta property=\"article:modified_time\" content=\"2026-04-09T05:39:57+00:00\" \/>\n<meta property=\"og:image\" content=\"https:\/\/cruisespotter.de\/wp-content\/uploads\/2026\/04\/002-tischset-mein-schiff-7-nachts-in-oslo-cs-905155.jpg\" \/>\n\t<meta property=\"og:image:width\" content=\"1200\" \/>\n\t<meta property=\"og:image:height\" content=\"800\" \/>\n\t<meta property=\"og:image:type\" content=\"image\/jpeg\" \/>\n<meta name=\"twitter:card\" content=\"summary_large_image\" \/>\n<meta name=\"twitter:label1\" content=\"Estimated reading time\" \/>\n\t<meta name=\"twitter:data1\" content=\"2 minutes\" \/>\n<script type=\"application\/ld+json\" class=\"yoast-schema-graph\">{\"@context\":\"https:\\\/\\\/schema.org\",\"@graph\":[{\"@type\":\"WebPage\",\"@id\":\"https:\\\/\\\/cruisespotter.de\\\/produkt\\\/tischset-mein-schiff-7-nachts-in-oslo\\\/\",\"url\":\"https:\\\/\\\/cruisespotter.de\\\/produkt\\\/tischset-mein-schiff-7-nachts-in-oslo\\\/\",\"name\":\"Tischset Mein Schiff 7 Nachts in Oslo bei cruisespotter.de\",\"isPartOf\":{\"@id\":\"https:\\\/\\\/cruisespotter.de\\\/#website\"},\"primaryImageOfPage\":{\"@id\":\"https:\\\/\\\/cruisespotter.de\\\/produkt\\\/tischset-mein-schiff-7-nachts-in-oslo\\\/#primaryimage\"},\"image\":{\"@id\":\"https:\\\/\\\/cruisespotter.de\\\/produkt\\\/tischset-mein-schiff-7-nachts-in-oslo\\\/#primaryimage\"},\"thumbnailUrl\":\"https:\\\/\\\/cruisespotter.de\\\/wp-content\\\/uploads\\\/2026\\\/04\\\/002-tischset-mein-schiff-7-nachts-in-oslo-cs-905155.jpg\",\"datePublished\":\"2026-04-09T05:35:45+00:00\",\"dateModified\":\"2026-04-09T05:39:57+00:00\",\"description\":\"Tischset Mein Schiff 7 Nachts in Oslo - Abendessen mit Hafenblick: Dieses Tischset bringt die Lichter Norwegens auf deinen Tisch. Varianten Planke & Anker.\",\"breadcrumb\":{\"@id\":\"https:\\\/\\\/cruisespotter.de\\\/produkt\\\/tischset-mein-schiff-7-nachts-in-oslo\\\/#breadcrumb\"},\"inLanguage\":\"en-GB\",\"potentialAction\":[{\"@type\":\"ReadAction\",\"target\":[\"https:\\\/\\\/cruisespotter.de\\\/produkt\\\/tischset-mein-schiff-7-nachts-in-oslo\\\/\"]}]},{\"@type\":\"ImageObject\",\"inLanguage\":\"en-GB\",\"@id\":\"https:\\\/\\\/cruisespotter.de\\\/produkt\\\/tischset-mein-schiff-7-nachts-in-oslo\\\/#primaryimage\",\"url\":\"https:\\\/\\\/cruisespotter.de\\\/wp-content\\\/uploads\\\/2026\\\/04\\\/002-tischset-mein-schiff-7-nachts-in-oslo-cs-905155.jpg\",\"contentUrl\":\"https:\\\/\\\/cruisespotter.de\\\/wp-content\\\/uploads\\\/2026\\\/04\\\/002-tischset-mein-schiff-7-nachts-in-oslo-cs-905155.jpg\",\"width\":1200,\"height\":800,\"caption\":\"Tischset Mein Schiff 7 Nachts in Oslo\"},{\"@type\":\"BreadcrumbList\",\"@id\":\"https:\\\/\\\/cruisespotter.de\\\/produkt\\\/tischset-mein-schiff-7-nachts-in-oslo\\\/#breadcrumb\",\"itemListElement\":[{\"@type\":\"ListItem\",\"position\":1,\"name\":\"Start\",\"item\":\"https:\\\/\\\/cruisespotter.de\\\/\"},{\"@type\":\"ListItem\",\"position\":2,\"name\":\"Bordshop\",\"item\":\"https:\\\/\\\/cruisespotter.de\\\/bordshop\\\/\"},{\"@type\":\"ListItem\",\"position\":3,\"name\":\"Tischset Mein Schiff 7 Nachts in Oslo\"}]},{\"@type\":\"WebSite\",\"@id\":\"https:\\\/\\\/cruisespotter.de\\\/#website\",\"url\":\"https:\\\/\\\/cruisespotter.de\\\/\",\"name\":\"Cruisespotter\",\"description\":\"Dein Onlineshop f\u00fcr echte Schiffsfans\",\"publisher\":{\"@id\":\"https:\\\/\\\/cruisespotter.de\\\/#organization\"},\"alternateName\":\"Cruisespotter\",\"potentialAction\":[{\"@type\":\"SearchAction\",\"target\":{\"@type\":\"EntryPoint\",\"urlTemplate\":\"https:\\\/\\\/cruisespotter.de\\\/?s={search_term_string}\"},\"query-input\":{\"@type\":\"PropertyValueSpecification\",\"valueRequired\":true,\"valueName\":\"search_term_string\"}}],\"inLanguage\":\"en-GB\"},{\"@type\":\"Organization\",\"@id\":\"https:\\\/\\\/cruisespotter.de\\\/#organization\",\"name\":\"Cruisespotter\",\"alternateName\":\"Cruisespotter\",\"url\":\"https:\\\/\\\/cruisespotter.de\\\/\",\"logo\":{\"@type\":\"ImageObject\",\"inLanguage\":\"en-GB\",\"@id\":\"https:\\\/\\\/cruisespotter.de\\\/#\\\/schema\\\/logo\\\/image\\\/\",\"url\":\"https:\\\/\\\/cruisespotter.de\\\/wp-content\\\/uploads\\\/2026\\\/02\\\/beitrag-logo-cruisespotter-2026.jpg\",\"contentUrl\":\"https:\\\/\\\/cruisespotter.de\\\/wp-content\\\/uploads\\\/2026\\\/02\\\/beitrag-logo-cruisespotter-2026.jpg\",\"width\":512,\"height\":512,\"caption\":\"Cruisespotter\"},\"image\":{\"@id\":\"https:\\\/\\\/cruisespotter.de\\\/#\\\/schema\\\/logo\\\/image\\\/\"}}]}<\/script>\n<!-- \/ Yoast SEO plugin. -->","yoast_head_json":{"title":"Tischset Mein Schiff 7 Nachts in Oslo bei cruisespotter.de","description":"Tischset Mein Schiff 7 Nachts in Oslo - Abendessen mit Hafenblick: Dieses Tischset bringt die Lichter Norwegens auf deinen Tisch. Varianten Planke & Anker.","robots":{"index":"index","follow":"follow","max-snippet":"max-snippet:-1","max-image-preview":"max-image-preview:large","max-video-preview":"max-video-preview:-1"},"canonical":"https:\/\/cruisespotter.de\/en\/product\/tischset-mein-schiff-7-nachts-in-oslo\/","og_locale":"en_GB","og_type":"article","og_title":"Tischset Mein Schiff 7 Nachts in Oslo bei cruisespotter.de","og_description":"Tischset Mein Schiff 7 Nachts in Oslo - Abendessen mit Hafenblick: Dieses Tischset bringt die Lichter Norwegens auf deinen Tisch. Varianten Planke & Anker.","og_url":"https:\/\/cruisespotter.de\/en\/product\/tischset-mein-schiff-7-nachts-in-oslo\/","og_site_name":"Cruisespotter","article_modified_time":"2026-04-09T05:39:57+00:00","og_image":[{"width":1200,"height":800,"url":"https:\/\/cruisespotter.de\/wp-content\/uploads\/2026\/04\/002-tischset-mein-schiff-7-nachts-in-oslo-cs-905155.jpg","type":"image\/jpeg"}],"twitter_card":"summary_large_image","twitter_misc":{"Estimated reading time":"2 minutes"},"schema":{"@context":"https:\/\/schema.org","@graph":[{"@type":"WebPage","@id":"https:\/\/cruisespotter.de\/produkt\/tischset-mein-schiff-7-nachts-in-oslo\/","url":"https:\/\/cruisespotter.de\/produkt\/tischset-mein-schiff-7-nachts-in-oslo\/","name":"Tischset Mein Schiff 7 Nachts in Oslo bei cruisespotter.de","isPartOf":{"@id":"https:\/\/cruisespotter.de\/#website"},"primaryImageOfPage":{"@id":"https:\/\/cruisespotter.de\/produkt\/tischset-mein-schiff-7-nachts-in-oslo\/#primaryimage"},"image":{"@id":"https:\/\/cruisespotter.de\/produkt\/tischset-mein-schiff-7-nachts-in-oslo\/#primaryimage"},"thumbnailUrl":"https:\/\/cruisespotter.de\/wp-content\/uploads\/2026\/04\/002-tischset-mein-schiff-7-nachts-in-oslo-cs-905155.jpg","datePublished":"2026-04-09T05:35:45+00:00","dateModified":"2026-04-09T05:39:57+00:00","description":"Tischset Mein Schiff 7 Nachts in Oslo - Abendessen mit Hafenblick: Dieses Tischset bringt die Lichter Norwegens auf deinen Tisch. Varianten Planke & Anker.","breadcrumb":{"@id":"https:\/\/cruisespotter.de\/produkt\/tischset-mein-schiff-7-nachts-in-oslo\/#breadcrumb"},"inLanguage":"en-GB","potentialAction":[{"@type":"ReadAction","target":["https:\/\/cruisespotter.de\/produkt\/tischset-mein-schiff-7-nachts-in-oslo\/"]}]},{"@type":"ImageObject","inLanguage":"en-GB","@id":"https:\/\/cruisespotter.de\/produkt\/tischset-mein-schiff-7-nachts-in-oslo\/#primaryimage","url":"https:\/\/cruisespotter.de\/wp-content\/uploads\/2026\/04\/002-tischset-mein-schiff-7-nachts-in-oslo-cs-905155.jpg","contentUrl":"https:\/\/cruisespotter.de\/wp-content\/uploads\/2026\/04\/002-tischset-mein-schiff-7-nachts-in-oslo-cs-905155.jpg","width":1200,"height":800,"caption":"Tischset Mein Schiff 7 Nachts in Oslo"},{"@type":"BreadcrumbList","@id":"https:\/\/cruisespotter.de\/produkt\/tischset-mein-schiff-7-nachts-in-oslo\/#breadcrumb","itemListElement":[{"@type":"ListItem","position":1,"name":"Start","item":"https:\/\/cruisespotter.de\/"},{"@type":"ListItem","position":2,"name":"Bordshop","item":"https:\/\/cruisespotter.de\/bordshop\/"},{"@type":"ListItem","position":3,"name":"Tischset Mein Schiff 7 Nachts in Oslo"}]},{"@type":"WebSite","@id":"https:\/\/cruisespotter.de\/#website","url":"https:\/\/cruisespotter.de\/","name":"Cruisespotter","description":"Dein Onlineshop f\u00fcr echte Schiffsfans","publisher":{"@id":"https:\/\/cruisespotter.de\/#organization"},"alternateName":"Cruisespotter","potentialAction":[{"@type":"SearchAction","target":{"@type":"EntryPoint","urlTemplate":"https:\/\/cruisespotter.de\/?s={search_term_string}"},"query-input":{"@type":"PropertyValueSpecification","valueRequired":true,"valueName":"search_term_string"}}],"inLanguage":"en-GB"},{"@type":"Organization","@id":"https:\/\/cruisespotter.de\/#organization","name":"Cruisespotter","alternateName":"Cruisespotter","url":"https:\/\/cruisespotter.de\/","logo":{"@type":"ImageObject","inLanguage":"en-GB","@id":"https:\/\/cruisespotter.de\/#\/schema\/logo\/image\/","url":"https:\/\/cruisespotter.de\/wp-content\/uploads\/2026\/02\/beitrag-logo-cruisespotter-2026.jpg","contentUrl":"https:\/\/cruisespotter.de\/wp-content\/uploads\/2026\/02\/beitrag-logo-cruisespotter-2026.jpg","width":512,"height":512,"caption":"Cruisespotter"},"image":{"@id":"https:\/\/cruisespotter.de\/#\/schema\/logo\/image\/"}}]}},"_links":{"self":[{"href":"https:\/\/cruisespotter.de\/en\/wp-json\/wp\/v2\/product\/40309","targetHints":{"allow":["GET"]}}],"collection":[{"href":"https:\/\/cruisespotter.de\/en\/wp-json\/wp\/v2\/product"}],"about":[{"href":"https:\/\/cruisespotter.de\/en\/wp-json\/wp\/v2\/types\/product"}],"replies":[{"embeddable":true,"href":"https:\/\/cruisespotter.de\/en\/wp-json\/wp\/v2\/comments?post=40309"}],"version-history":[{"count":3,"href":"https:\/\/cruisespotter.de\/en\/wp-json\/wp\/v2\/product\/40309\/revisions"}],"predecessor-version":[{"id":40321,"href":"https:\/\/cruisespotter.de\/en\/wp-json\/wp\/v2\/product\/40309\/revisions\/40321"}],"wp:featuredmedia":[{"embeddable":true,"href":"https:\/\/cruisespotter.de\/en\/wp-json\/wp\/v2\/media\/40315"}],"wp:attachment":[{"href":"https:\/\/cruisespotter.de\/en\/wp-json\/wp\/v2\/media?parent=40309"}],"wp:term":[{"taxonomy":"product_brand","embeddable":true,"href":"https:\/\/cruisespotter.de\/en\/wp-json\/wp\/v2\/product_brand?post=40309"},{"taxonomy":"product_cat","embeddable":true,"href":"https:\/\/cruisespotter.de\/en\/wp-json\/wp\/v2\/product_cat?post=40309"},{"taxonomy":"product_tag","embeddable":true,"href":"https:\/\/cruisespotter.de\/en\/wp-json\/wp\/v2\/product_tag?post=40309"}],"curies":[{"name":"wp","href":"https:\/\/api.w.org\/{rel}","templated":true}]}}