{"id":40823,"date":"2026-03-21T08:46:16","date_gmt":"2026-03-21T07:46:16","guid":{"rendered":"https:\/\/cruisespotter.de\/?post_type=product&#038;p=40823"},"modified":"2026-04-11T08:54:28","modified_gmt":"2026-04-11T06:54:28","slug":"blechschild-mein-schiff-7-2024","status":"publish","type":"product","link":"https:\/\/cruisespotter.de\/en\/product\/blechschild-mein-schiff-7-2024\/","title":{"rendered":"Blechschild Mein Schiff 7 2024"},"content":{"rendered":"<p data-path-to-node=\"9\"><b data-path-to-node=\"9\" data-index-in-node=\"0\">Modernste Flotte im rustikalen Look \u2013 Die Mein Schiff 7 f\u00fcr deine Wand<\/b><\/p>\n<p data-path-to-node=\"10\">Brandneu und doch schon ein Klassiker: Das Blechschild der <b data-path-to-node=\"10\" data-index-in-node=\"59\">Mein Schiff 7<\/b> bringt das neueste Juwel der Wohlf\u00fchlflotte direkt zu dir nach Hause. Das Motiv zeigt den majest\u00e4tischen Bug des Schiffes in einer beeindruckenden Frontalansicht \u2013 fast so, als w\u00fcrde die Nummer 7 gerade direkt auf dich zufahren.<\/p>\n<p data-path-to-node=\"11\">Der Clou: Trotz des modernen Schiffes (Baujahr 2024) ist das Schild im angesagten <b data-path-to-node=\"11\" data-index-in-node=\"82\">Grunge-Effekt<\/b> gestaltet. K\u00fcnstliche Abnutzungen, matte Strukturen und ein Hauch von Retro-Patina lassen das Schild wie ein wertvolles Erbst\u00fcck aus einem alten Hafenamt wirken. Dieser spannende Kontrast zwischen modernster Schiffstechnik und dem \u201eUsed-Look\u201c macht es zu einem au\u00dfergew\u00f6hnlichen Dekorationsst\u00fcck.<\/p>\n<p data-path-to-node=\"12\">Mit dem deutlichen Schriftzug <b data-path-to-node=\"12\" data-index-in-node=\"30\">\u201eMein Schiff 7 \u2013 Baujahr 2024\u201c<\/b> ist dieses Schild die perfekte Erinnerung an das Geburtsjahr dieses besonderen Schiffes und ein echtes Statement f\u00fcr jeden Fan von TUI Cruises.<\/p>\n<p data-path-to-node=\"13\"><b data-path-to-node=\"13\" data-index-in-node=\"0\">Produktdetails auf einen Blick:<\/b><\/p>\n<ul data-path-to-node=\"14\">\n<li>\n<p data-path-to-node=\"14,0,0\"><b data-path-to-node=\"14,0,0\" data-index-in-node=\"0\">Motiv:<\/b> Frontalansicht der Mein Schiff 7 mit Baujahr-Schriftzug.<\/p>\n<\/li>\n<li>\n<p data-path-to-node=\"14,1,0\"><b data-path-to-node=\"14,1,0\" data-index-in-node=\"0\">Design:<\/b> Markanter Grunge-Effekt f\u00fcr einen authentischen Vintage-Look.<\/p>\n<\/li>\n<li>\n<p data-path-to-node=\"14,2,0\"><b data-path-to-node=\"14,2,0\" data-index-in-node=\"0\">Material:<\/b> Stabiles, langlebiges Blech mit hochwertigem Farbdruck.<\/p>\n<\/li>\n<li>\n<p data-path-to-node=\"14,3,0\"><b data-path-to-node=\"14,3,0\" data-index-in-node=\"0\">Eignung:<\/b> Ein Blickfang f\u00fcr das Wohnzimmer, die heimische Bar oder das B\u00fcro.<\/p>\n<\/li>\n<li>\n<p data-path-to-node=\"14,4,0\"><b data-path-to-node=\"14,4,0\" data-index-in-node=\"0\">Geschenkidee:<\/b> Ideal f\u00fcr Taufpaten, Erstfahrer und treue Fans der Mein Schiff Flotte.<\/p>\n<\/li>\n<\/ul>","protected":false},"excerpt":{"rendered":"<p>Brandneu und doch schon ein Klassiker: Das Blechschild der <b data-path-to-node=\"10\" data-index-in-node=\"59\">Mein Schiff 7<\/b> bringt das neueste Juwel der Wohlf\u00fchlflotte direkt zu dir nach Hause. Das Motiv zeigt den majest\u00e4tischen Bug des Schiffes in einer beeindruckenden Frontalansicht \u2013 fast so, als w\u00fcrde die Nummer 7 gerade direkt auf dich zufahren.<\/p>\n<h5><strong>Ausstattung<\/strong><\/h5>\n<ul>\n<li>4 vorgebohrter L\u00f6cher in den Ecken<\/li>\n<li>inkl. passenden Schrauben und D\u00fcbeln<\/li>\n<\/ul>","protected":false},"featured_media":40827,"comment_status":"closed","ping_status":"closed","template":"","meta":[],"product_brand":[55],"product_cat":[82,1175,33],"product_tag":[1467,1159,1458,643,1463,1464,952,1465,1021,1466,1141],"class_list":{"0":"post-40823","1":"product","2":"type-product","3":"status-publish","4":"has-post-thumbnail","6":"product_brand-fotograf-stefan-mertin","7":"product_cat-kreuzfahrtschiffe","8":"product_cat-blechschilder","9":"product_cat-deutschland","10":"product_tag-maritimer-used-look","11":"product_tag-blechschild-mein-schiff-7","12":"product_tag-kreuzfahrt-deko-vintage","13":"product_tag-geschenk-fuer-kreuzfahrer","14":"product_tag-mein-schiff-7-baujahr-2024","15":"product_tag-mein-schiff-souvenir","16":"product_tag-tui-cruises-fanartikel","17":"product_tag-retro-wandbild-schiff","18":"product_tag-cruisespotter-shop","19":"product_tag-kussmundflotte-alternative","20":"product_tag-maritimes-blechschild","22":"first","23":"instock","24":"taxable","25":"shipping-taxable","26":"purchasable","27":"product-type-variable"},"yoast_head":"<!-- This site is optimized with the Yoast SEO plugin v27.3 - https:\/\/yoast.com\/product\/yoast-seo-wordpress\/ -->\n<title>Blechschild Mein Schiff 7 2024 | TUI Cruises im Vintage-Design<\/title>\n<meta name=\"description\" content=\"Modernste Kreuzfahrt trifft Retro-Look: Das Mein Schiff 7 Blechschild im Grunge-Stil. Ein Highlight f\u00fcr Sammler und Fans der Wohlf\u00fchlflotte.\" \/>\n<meta name=\"robots\" content=\"index, follow, max-snippet:-1, max-image-preview:large, max-video-preview:-1\" \/>\n<link rel=\"canonical\" href=\"https:\/\/cruisespotter.de\/en\/product\/blechschild-mein-schiff-7-2024\/\" \/>\n<meta property=\"og:locale\" content=\"en_GB\" \/>\n<meta property=\"og:type\" content=\"article\" \/>\n<meta property=\"og:title\" content=\"Blechschild Mein Schiff 7 2024 | TUI Cruises im Vintage-Design\" \/>\n<meta property=\"og:description\" content=\"Modernste Kreuzfahrt trifft Retro-Look: Das Mein Schiff 7 Blechschild im Grunge-Stil. Ein Highlight f\u00fcr Sammler und Fans der Wohlf\u00fchlflotte.\" \/>\n<meta property=\"og:url\" content=\"https:\/\/cruisespotter.de\/en\/product\/blechschild-mein-schiff-7-2024\/\" \/>\n<meta property=\"og:site_name\" content=\"Cruisespotter\" \/>\n<meta property=\"article:modified_time\" content=\"2026-04-11T06:54:28+00:00\" \/>\n<meta property=\"og:image\" content=\"https:\/\/cruisespotter.de\/wp-content\/uploads\/2026\/04\/001-blechschild-mein-schiff-7-2024-cs-905153.jpg\" \/>\n\t<meta property=\"og:image:width\" content=\"1200\" \/>\n\t<meta property=\"og:image:height\" content=\"800\" \/>\n\t<meta property=\"og:image:type\" content=\"image\/jpeg\" \/>\n<meta name=\"twitter:card\" content=\"summary_large_image\" \/>\n<meta name=\"twitter:label1\" content=\"Estimated reading time\" \/>\n\t<meta name=\"twitter:data1\" content=\"2 minutes\" \/>\n<script type=\"application\/ld+json\" class=\"yoast-schema-graph\">{\"@context\":\"https:\\\/\\\/schema.org\",\"@graph\":[{\"@type\":\"WebPage\",\"@id\":\"https:\\\/\\\/cruisespotter.de\\\/produkt\\\/blechschild-mein-schiff-7-2024\\\/\",\"url\":\"https:\\\/\\\/cruisespotter.de\\\/produkt\\\/blechschild-mein-schiff-7-2024\\\/\",\"name\":\"Blechschild Mein Schiff 7 2024 | TUI Cruises im Vintage-Design\",\"isPartOf\":{\"@id\":\"https:\\\/\\\/cruisespotter.de\\\/#website\"},\"primaryImageOfPage\":{\"@id\":\"https:\\\/\\\/cruisespotter.de\\\/produkt\\\/blechschild-mein-schiff-7-2024\\\/#primaryimage\"},\"image\":{\"@id\":\"https:\\\/\\\/cruisespotter.de\\\/produkt\\\/blechschild-mein-schiff-7-2024\\\/#primaryimage\"},\"thumbnailUrl\":\"https:\\\/\\\/cruisespotter.de\\\/wp-content\\\/uploads\\\/2026\\\/04\\\/001-blechschild-mein-schiff-7-2024-cs-905153.jpg\",\"datePublished\":\"2026-03-21T07:46:16+00:00\",\"dateModified\":\"2026-04-11T06:54:28+00:00\",\"description\":\"Modernste Kreuzfahrt trifft Retro-Look: Das Mein Schiff 7 Blechschild im Grunge-Stil. Ein Highlight f\u00fcr Sammler und Fans der Wohlf\u00fchlflotte.\",\"breadcrumb\":{\"@id\":\"https:\\\/\\\/cruisespotter.de\\\/produkt\\\/blechschild-mein-schiff-7-2024\\\/#breadcrumb\"},\"inLanguage\":\"en-GB\",\"potentialAction\":[{\"@type\":\"ReadAction\",\"target\":[\"https:\\\/\\\/cruisespotter.de\\\/produkt\\\/blechschild-mein-schiff-7-2024\\\/\"]}]},{\"@type\":\"ImageObject\",\"inLanguage\":\"en-GB\",\"@id\":\"https:\\\/\\\/cruisespotter.de\\\/produkt\\\/blechschild-mein-schiff-7-2024\\\/#primaryimage\",\"url\":\"https:\\\/\\\/cruisespotter.de\\\/wp-content\\\/uploads\\\/2026\\\/04\\\/001-blechschild-mein-schiff-7-2024-cs-905153.jpg\",\"contentUrl\":\"https:\\\/\\\/cruisespotter.de\\\/wp-content\\\/uploads\\\/2026\\\/04\\\/001-blechschild-mein-schiff-7-2024-cs-905153.jpg\",\"width\":1200,\"height\":800,\"caption\":\"Blechschild Mein Schiff 7 2024\"},{\"@type\":\"BreadcrumbList\",\"@id\":\"https:\\\/\\\/cruisespotter.de\\\/produkt\\\/blechschild-mein-schiff-7-2024\\\/#breadcrumb\",\"itemListElement\":[{\"@type\":\"ListItem\",\"position\":1,\"name\":\"Start\",\"item\":\"https:\\\/\\\/cruisespotter.de\\\/\"},{\"@type\":\"ListItem\",\"position\":2,\"name\":\"Bordshop\",\"item\":\"https:\\\/\\\/cruisespotter.de\\\/bordshop\\\/\"},{\"@type\":\"ListItem\",\"position\":3,\"name\":\"Blechschild Mein Schiff 7 2024\"}]},{\"@type\":\"WebSite\",\"@id\":\"https:\\\/\\\/cruisespotter.de\\\/#website\",\"url\":\"https:\\\/\\\/cruisespotter.de\\\/\",\"name\":\"Cruisespotter\",\"description\":\"Dein Onlineshop f\u00fcr echte Schiffsfans\",\"publisher\":{\"@id\":\"https:\\\/\\\/cruisespotter.de\\\/#organization\"},\"alternateName\":\"Cruisespotter\",\"potentialAction\":[{\"@type\":\"SearchAction\",\"target\":{\"@type\":\"EntryPoint\",\"urlTemplate\":\"https:\\\/\\\/cruisespotter.de\\\/?s={search_term_string}\"},\"query-input\":{\"@type\":\"PropertyValueSpecification\",\"valueRequired\":true,\"valueName\":\"search_term_string\"}}],\"inLanguage\":\"en-GB\"},{\"@type\":\"Organization\",\"@id\":\"https:\\\/\\\/cruisespotter.de\\\/#organization\",\"name\":\"Cruisespotter\",\"alternateName\":\"Cruisespotter\",\"url\":\"https:\\\/\\\/cruisespotter.de\\\/\",\"logo\":{\"@type\":\"ImageObject\",\"inLanguage\":\"en-GB\",\"@id\":\"https:\\\/\\\/cruisespotter.de\\\/#\\\/schema\\\/logo\\\/image\\\/\",\"url\":\"https:\\\/\\\/cruisespotter.de\\\/wp-content\\\/uploads\\\/2026\\\/02\\\/beitrag-logo-cruisespotter-2026.jpg\",\"contentUrl\":\"https:\\\/\\\/cruisespotter.de\\\/wp-content\\\/uploads\\\/2026\\\/02\\\/beitrag-logo-cruisespotter-2026.jpg\",\"width\":512,\"height\":512,\"caption\":\"Cruisespotter\"},\"image\":{\"@id\":\"https:\\\/\\\/cruisespotter.de\\\/#\\\/schema\\\/logo\\\/image\\\/\"}}]}<\/script>\n<!-- \/ Yoast SEO plugin. -->","yoast_head_json":{"title":"Blechschild Mein Schiff 7 2024 | TUI Cruises im Vintage-Design","description":"Modernste Kreuzfahrt trifft Retro-Look: Das Mein Schiff 7 Blechschild im Grunge-Stil. Ein Highlight f\u00fcr Sammler und Fans der Wohlf\u00fchlflotte.","robots":{"index":"index","follow":"follow","max-snippet":"max-snippet:-1","max-image-preview":"max-image-preview:large","max-video-preview":"max-video-preview:-1"},"canonical":"https:\/\/cruisespotter.de\/en\/product\/blechschild-mein-schiff-7-2024\/","og_locale":"en_GB","og_type":"article","og_title":"Blechschild Mein Schiff 7 2024 | TUI Cruises im Vintage-Design","og_description":"Modernste Kreuzfahrt trifft Retro-Look: Das Mein Schiff 7 Blechschild im Grunge-Stil. Ein Highlight f\u00fcr Sammler und Fans der Wohlf\u00fchlflotte.","og_url":"https:\/\/cruisespotter.de\/en\/product\/blechschild-mein-schiff-7-2024\/","og_site_name":"Cruisespotter","article_modified_time":"2026-04-11T06:54:28+00:00","og_image":[{"width":1200,"height":800,"url":"https:\/\/cruisespotter.de\/wp-content\/uploads\/2026\/04\/001-blechschild-mein-schiff-7-2024-cs-905153.jpg","type":"image\/jpeg"}],"twitter_card":"summary_large_image","twitter_misc":{"Estimated reading time":"2 minutes"},"schema":{"@context":"https:\/\/schema.org","@graph":[{"@type":"WebPage","@id":"https:\/\/cruisespotter.de\/produkt\/blechschild-mein-schiff-7-2024\/","url":"https:\/\/cruisespotter.de\/produkt\/blechschild-mein-schiff-7-2024\/","name":"Blechschild Mein Schiff 7 2024 | TUI Cruises im Vintage-Design","isPartOf":{"@id":"https:\/\/cruisespotter.de\/#website"},"primaryImageOfPage":{"@id":"https:\/\/cruisespotter.de\/produkt\/blechschild-mein-schiff-7-2024\/#primaryimage"},"image":{"@id":"https:\/\/cruisespotter.de\/produkt\/blechschild-mein-schiff-7-2024\/#primaryimage"},"thumbnailUrl":"https:\/\/cruisespotter.de\/wp-content\/uploads\/2026\/04\/001-blechschild-mein-schiff-7-2024-cs-905153.jpg","datePublished":"2026-03-21T07:46:16+00:00","dateModified":"2026-04-11T06:54:28+00:00","description":"Modernste Kreuzfahrt trifft Retro-Look: Das Mein Schiff 7 Blechschild im Grunge-Stil. Ein Highlight f\u00fcr Sammler und Fans der Wohlf\u00fchlflotte.","breadcrumb":{"@id":"https:\/\/cruisespotter.de\/produkt\/blechschild-mein-schiff-7-2024\/#breadcrumb"},"inLanguage":"en-GB","potentialAction":[{"@type":"ReadAction","target":["https:\/\/cruisespotter.de\/produkt\/blechschild-mein-schiff-7-2024\/"]}]},{"@type":"ImageObject","inLanguage":"en-GB","@id":"https:\/\/cruisespotter.de\/produkt\/blechschild-mein-schiff-7-2024\/#primaryimage","url":"https:\/\/cruisespotter.de\/wp-content\/uploads\/2026\/04\/001-blechschild-mein-schiff-7-2024-cs-905153.jpg","contentUrl":"https:\/\/cruisespotter.de\/wp-content\/uploads\/2026\/04\/001-blechschild-mein-schiff-7-2024-cs-905153.jpg","width":1200,"height":800,"caption":"Blechschild Mein Schiff 7 2024"},{"@type":"BreadcrumbList","@id":"https:\/\/cruisespotter.de\/produkt\/blechschild-mein-schiff-7-2024\/#breadcrumb","itemListElement":[{"@type":"ListItem","position":1,"name":"Start","item":"https:\/\/cruisespotter.de\/"},{"@type":"ListItem","position":2,"name":"Bordshop","item":"https:\/\/cruisespotter.de\/bordshop\/"},{"@type":"ListItem","position":3,"name":"Blechschild Mein Schiff 7 2024"}]},{"@type":"WebSite","@id":"https:\/\/cruisespotter.de\/#website","url":"https:\/\/cruisespotter.de\/","name":"Cruisespotter","description":"Dein Onlineshop f\u00fcr echte Schiffsfans","publisher":{"@id":"https:\/\/cruisespotter.de\/#organization"},"alternateName":"Cruisespotter","potentialAction":[{"@type":"SearchAction","target":{"@type":"EntryPoint","urlTemplate":"https:\/\/cruisespotter.de\/?s={search_term_string}"},"query-input":{"@type":"PropertyValueSpecification","valueRequired":true,"valueName":"search_term_string"}}],"inLanguage":"en-GB"},{"@type":"Organization","@id":"https:\/\/cruisespotter.de\/#organization","name":"Cruisespotter","alternateName":"Cruisespotter","url":"https:\/\/cruisespotter.de\/","logo":{"@type":"ImageObject","inLanguage":"en-GB","@id":"https:\/\/cruisespotter.de\/#\/schema\/logo\/image\/","url":"https:\/\/cruisespotter.de\/wp-content\/uploads\/2026\/02\/beitrag-logo-cruisespotter-2026.jpg","contentUrl":"https:\/\/cruisespotter.de\/wp-content\/uploads\/2026\/02\/beitrag-logo-cruisespotter-2026.jpg","width":512,"height":512,"caption":"Cruisespotter"},"image":{"@id":"https:\/\/cruisespotter.de\/#\/schema\/logo\/image\/"}}]}},"_links":{"self":[{"href":"https:\/\/cruisespotter.de\/en\/wp-json\/wp\/v2\/product\/40823","targetHints":{"allow":["GET"]}}],"collection":[{"href":"https:\/\/cruisespotter.de\/en\/wp-json\/wp\/v2\/product"}],"about":[{"href":"https:\/\/cruisespotter.de\/en\/wp-json\/wp\/v2\/types\/product"}],"replies":[{"embeddable":true,"href":"https:\/\/cruisespotter.de\/en\/wp-json\/wp\/v2\/comments?post=40823"}],"version-history":[{"count":2,"href":"https:\/\/cruisespotter.de\/en\/wp-json\/wp\/v2\/product\/40823\/revisions"}],"predecessor-version":[{"id":40833,"href":"https:\/\/cruisespotter.de\/en\/wp-json\/wp\/v2\/product\/40823\/revisions\/40833"}],"wp:featuredmedia":[{"embeddable":true,"href":"https:\/\/cruisespotter.de\/en\/wp-json\/wp\/v2\/media\/40827"}],"wp:attachment":[{"href":"https:\/\/cruisespotter.de\/en\/wp-json\/wp\/v2\/media?parent=40823"}],"wp:term":[{"taxonomy":"product_brand","embeddable":true,"href":"https:\/\/cruisespotter.de\/en\/wp-json\/wp\/v2\/product_brand?post=40823"},{"taxonomy":"product_cat","embeddable":true,"href":"https:\/\/cruisespotter.de\/en\/wp-json\/wp\/v2\/product_cat?post=40823"},{"taxonomy":"product_tag","embeddable":true,"href":"https:\/\/cruisespotter.de\/en\/wp-json\/wp\/v2\/product_tag?post=40823"}],"curies":[{"name":"wp","href":"https:\/\/api.w.org\/{rel}","templated":true}]}}