{"id":41267,"date":"2026-04-15T11:15:29","date_gmt":"2026-04-15T09:15:29","guid":{"rendered":"https:\/\/cruisespotter.de\/?post_type=product&#038;p=41267"},"modified":"2026-04-21T11:53:24","modified_gmt":"2026-04-21T09:53:24","slug":"color-key-aidamar","status":"publish","type":"product","link":"https:\/\/cruisespotter.de\/en\/product\/color-key-aidamar\/","title":{"rendered":"Color-Key AIDAmar"},"content":{"rendered":"<p data-path-to-node=\"9\"><b data-path-to-node=\"9\" data-index-in-node=\"0\">Der Fokus auf das Wesentliche \u2013 AIDAmar im Color-Key-Design<\/b><\/p>\n<p data-path-to-node=\"10\">Hole dir ein St\u00fcck moderne Fotokunst in dein Zuhause. Das Wandbild <b data-path-to-node=\"10\" data-index-in-node=\"67\">\u201eColor-Key AIDAmar\u201c<\/b> zeigt das beliebte Kussmundschiff beim Einlaufen in den Seekanal von Rostock\/Warnem\u00fcnde. Doch dieses Bild ist mehr als eine klassische Hafenaufnahme: Durch die gezielte farbliche Reduzierung wird der Blick des Betrachters unmittelbar auf die markanten Merkmale der AIDAmar gelenkt.<\/p>\n<p data-path-to-node=\"11\">W\u00e4hrend der dramatische Himmel, die Silhouette der Warnem\u00fcnder Mole und die Zuschauer am Ufer in einer atmosph\u00e4rischen Schwarz-Wei\u00df-Welt verweilen, strahlt der ber\u00fchmte rote Kussmund in voller Intensit\u00e4t. Diese <b data-path-to-node=\"11\" data-index-in-node=\"211\">Color-Key-Technik<\/b> verleiht dem Motiv eine au\u00dfergew\u00f6hnliche Tiefenwirkung und eine moderne, fast grafische \u00c4sthetik.<\/p>\n<p data-path-to-node=\"12\">Die Perspektive f\u00e4ngt die imposante Gr\u00f6\u00dfe des Schiffes kurz vor dem Anlegen ein und macht die G\u00e4nsehaut-Stimmung einer Schiffsbegr\u00fc\u00dfung im Wohnzimmer erlebbar. Ein absolutes Highlight f\u00fcr AIDA-Fans und Liebhaber anspruchsvoller maritimer Fotografie.<\/p>\n<p data-path-to-node=\"13\"><b data-path-to-node=\"13\" data-index-in-node=\"0\">Produktdetails auf einen Blick:<\/b><\/p>\n<ul data-path-to-node=\"14\">\n<li>\n<p data-path-to-node=\"14,0,0\"><b data-path-to-node=\"14,0,0\" data-index-in-node=\"0\">Motiv:<\/b> AIDAmar beim Passieren der Molenk\u00f6pfe in Warnem\u00fcnde.<\/p>\n<\/li>\n<li>\n<p data-path-to-node=\"14,1,0\"><b data-path-to-node=\"14,1,0\" data-index-in-node=\"0\">Stil:<\/b> Hochwertiger Color-Key-Effekt (Fokus auf das Rot des Schiffes).<\/p>\n<\/li>\n<li>\n<p data-path-to-node=\"14,2,0\"><b data-path-to-node=\"14,2,0\" data-index-in-node=\"0\">Atmosph\u00e4re:<\/b> K\u00fcnstlerisch, kontrastreich, modern und emotional.<\/p>\n<\/li>\n<li>\n<p data-path-to-node=\"14,3,0\"><b data-path-to-node=\"14,3,0\" data-index-in-node=\"0\">Wirkung:<\/b> Ein markanter Farbakzent, der besonders in modernen Einrichtungen zum Blickfang wird.<\/p>\n<\/li>\n<li>\n<p data-path-to-node=\"14,4,0\"><b data-path-to-node=\"14,4,0\" data-index-in-node=\"0\">Premium-Druck:<\/b> Erh\u00e4ltlich auf Leinwand, Acrylglas, Alu-Dibond oder als Poster.<\/p>\n<\/li>\n<\/ul>","protected":false},"excerpt":{"rendered":"<p>Hole dir ein St\u00fcck moderne Fotokunst in dein Zuhause. Das Wandbild <b data-path-to-node=\"10\" data-index-in-node=\"67\">\u201eColor-Key AIDAmar\u201c<\/b> zeigt das beliebte Kussmundschiff beim Einlaufen in den Seekanal von Rostock\/Warnem\u00fcnde. Doch dieses Bild ist mehr als eine klassische Hafenaufnahme: Durch die gezielte farbliche Reduzierung wird der Blick des Betrachters unmittelbar auf die markanten Merkmale der AIDAmar gelenkt.<\/p>","protected":false},"featured_media":41352,"comment_status":"open","ping_status":"closed","template":"","meta":[],"product_brand":[55],"product_cat":[33,51,82],"product_tag":[1499,1500,1501,1502,1503,1504,467,1505,1540,654,1541,804,1542,1021],"class_list":{"0":"post-41267","1":"product","2":"type-product","3":"status-publish","4":"has-post-thumbnail","6":"product_brand-fotograf-stefan-mertin","7":"product_cat-deutschland","8":"product_cat-wandbilder","9":"product_cat-kreuzfahrtschiffe","10":"product_tag-wandbild-aidamar","11":"product_tag-color-key-warnemuende","12":"product_tag-aida-kussmund-foto","13":"product_tag-kreuzfahrtschiff-schwarz-weiss-rot","14":"product_tag-einlaufen-warnemuende-bild","15":"product_tag-seekanal-rostock-wandbild","16":"product_tag-maritime-fotokunst","17":"product_tag-kussmundschiff-poster","18":"product_tag-aida-wandbilder","19":"product_tag-geschenk-fuer-kreuzfahrtfans","20":"product_tag-aida-cruises-wandbilder","21":"product_tag-aida-fanartikel","22":"product_tag-aida-wandbild","23":"product_tag-cruisespotter-shop","24":"product_shipping_class-wandbild","26":"first","27":"instock","28":"taxable","29":"shipping-taxable","30":"purchasable","31":"product-type-variable"},"yoast_head":"<!-- This site is optimized with the Yoast SEO plugin v27.4 - https:\/\/yoast.com\/product\/yoast-seo-wordpress\/ -->\n<title>Color-Key AIDAmar als exklusives Wandbild kaufen<\/title>\n<meta name=\"description\" content=\"Ein Kussmund leuchtet auf: Das Wandbild AIDAmar in Color-Key-Optik f\u00e4ngt das Einlaufen in Warnem\u00fcnde kunstvoll ein. Perfekter Kontrast f\u00fcr maritime Deko!\" \/>\n<meta name=\"robots\" content=\"index, follow, max-snippet:-1, max-image-preview:large, max-video-preview:-1\" \/>\n<link rel=\"canonical\" href=\"https:\/\/cruisespotter.de\/en\/product\/color-key-aidamar\/\" \/>\n<meta property=\"og:locale\" content=\"en_GB\" \/>\n<meta property=\"og:type\" content=\"article\" \/>\n<meta property=\"og:title\" content=\"Color-Key AIDAmar als exklusives Wandbild kaufen\" \/>\n<meta property=\"og:description\" content=\"Ein Kussmund leuchtet auf: Das Wandbild AIDAmar in Color-Key-Optik f\u00e4ngt das Einlaufen in Warnem\u00fcnde kunstvoll ein. Perfekter Kontrast f\u00fcr maritime Deko!\" \/>\n<meta property=\"og:url\" content=\"https:\/\/cruisespotter.de\/en\/product\/color-key-aidamar\/\" \/>\n<meta property=\"og:site_name\" content=\"Cruisespotter\" \/>\n<meta property=\"article:modified_time\" content=\"2026-04-21T09:53:24+00:00\" \/>\n<meta property=\"og:image\" content=\"https:\/\/cruisespotter.de\/wp-content\/uploads\/2026\/04\/001-wandbild-color-key-aidamar-cs-909109.jpg\" \/>\n\t<meta property=\"og:image:width\" content=\"1200\" \/>\n\t<meta property=\"og:image:height\" content=\"800\" \/>\n\t<meta property=\"og:image:type\" content=\"image\/jpeg\" \/>\n<meta name=\"twitter:card\" content=\"summary_large_image\" \/>\n<meta name=\"twitter:label1\" content=\"Estimated reading time\" \/>\n\t<meta name=\"twitter:data1\" content=\"2 minutes\" \/>\n<script type=\"application\/ld+json\" class=\"yoast-schema-graph\">{\"@context\":\"https:\\\/\\\/schema.org\",\"@graph\":[{\"@type\":\"WebPage\",\"@id\":\"https:\\\/\\\/cruisespotter.de\\\/produkt\\\/color-key-aidamar\\\/\",\"url\":\"https:\\\/\\\/cruisespotter.de\\\/produkt\\\/color-key-aidamar\\\/\",\"name\":\"Color-Key AIDAmar als exklusives Wandbild kaufen\",\"isPartOf\":{\"@id\":\"https:\\\/\\\/cruisespotter.de\\\/#website\"},\"primaryImageOfPage\":{\"@id\":\"https:\\\/\\\/cruisespotter.de\\\/produkt\\\/color-key-aidamar\\\/#primaryimage\"},\"image\":{\"@id\":\"https:\\\/\\\/cruisespotter.de\\\/produkt\\\/color-key-aidamar\\\/#primaryimage\"},\"thumbnailUrl\":\"https:\\\/\\\/cruisespotter.de\\\/wp-content\\\/uploads\\\/2026\\\/04\\\/001-wandbild-color-key-aidamar-cs-909109.jpg\",\"datePublished\":\"2026-04-15T09:15:29+00:00\",\"dateModified\":\"2026-04-21T09:53:24+00:00\",\"description\":\"Ein Kussmund leuchtet auf: Das Wandbild AIDAmar in Color-Key-Optik f\u00e4ngt das Einlaufen in Warnem\u00fcnde kunstvoll ein. Perfekter Kontrast f\u00fcr maritime Deko!\",\"breadcrumb\":{\"@id\":\"https:\\\/\\\/cruisespotter.de\\\/produkt\\\/color-key-aidamar\\\/#breadcrumb\"},\"inLanguage\":\"en-GB\",\"potentialAction\":[{\"@type\":\"ReadAction\",\"target\":[\"https:\\\/\\\/cruisespotter.de\\\/produkt\\\/color-key-aidamar\\\/\"]}]},{\"@type\":\"ImageObject\",\"inLanguage\":\"en-GB\",\"@id\":\"https:\\\/\\\/cruisespotter.de\\\/produkt\\\/color-key-aidamar\\\/#primaryimage\",\"url\":\"https:\\\/\\\/cruisespotter.de\\\/wp-content\\\/uploads\\\/2026\\\/04\\\/001-wandbild-color-key-aidamar-cs-909109.jpg\",\"contentUrl\":\"https:\\\/\\\/cruisespotter.de\\\/wp-content\\\/uploads\\\/2026\\\/04\\\/001-wandbild-color-key-aidamar-cs-909109.jpg\",\"width\":1200,\"height\":800,\"caption\":\"Wandbild Color-Key AIDAmar\"},{\"@type\":\"BreadcrumbList\",\"@id\":\"https:\\\/\\\/cruisespotter.de\\\/produkt\\\/color-key-aidamar\\\/#breadcrumb\",\"itemListElement\":[{\"@type\":\"ListItem\",\"position\":1,\"name\":\"Start\",\"item\":\"https:\\\/\\\/cruisespotter.de\\\/\"},{\"@type\":\"ListItem\",\"position\":2,\"name\":\"Bordshop\",\"item\":\"https:\\\/\\\/cruisespotter.de\\\/bordshop\\\/\"},{\"@type\":\"ListItem\",\"position\":3,\"name\":\"Color-Key AIDAmar\"}]},{\"@type\":\"WebSite\",\"@id\":\"https:\\\/\\\/cruisespotter.de\\\/#website\",\"url\":\"https:\\\/\\\/cruisespotter.de\\\/\",\"name\":\"Cruisespotter\",\"description\":\"Dein Onlineshop f\u00fcr echte Schiffsfans\",\"publisher\":{\"@id\":\"https:\\\/\\\/cruisespotter.de\\\/#organization\"},\"alternateName\":\"Cruisespotter\",\"potentialAction\":[{\"@type\":\"SearchAction\",\"target\":{\"@type\":\"EntryPoint\",\"urlTemplate\":\"https:\\\/\\\/cruisespotter.de\\\/?s={search_term_string}\"},\"query-input\":{\"@type\":\"PropertyValueSpecification\",\"valueRequired\":true,\"valueName\":\"search_term_string\"}}],\"inLanguage\":\"en-GB\"},{\"@type\":\"Organization\",\"@id\":\"https:\\\/\\\/cruisespotter.de\\\/#organization\",\"name\":\"Cruisespotter\",\"alternateName\":\"Cruisespotter\",\"url\":\"https:\\\/\\\/cruisespotter.de\\\/\",\"logo\":{\"@type\":\"ImageObject\",\"inLanguage\":\"en-GB\",\"@id\":\"https:\\\/\\\/cruisespotter.de\\\/#\\\/schema\\\/logo\\\/image\\\/\",\"url\":\"https:\\\/\\\/cruisespotter.de\\\/wp-content\\\/uploads\\\/2026\\\/02\\\/beitrag-logo-cruisespotter-2026.jpg\",\"contentUrl\":\"https:\\\/\\\/cruisespotter.de\\\/wp-content\\\/uploads\\\/2026\\\/02\\\/beitrag-logo-cruisespotter-2026.jpg\",\"width\":512,\"height\":512,\"caption\":\"Cruisespotter\"},\"image\":{\"@id\":\"https:\\\/\\\/cruisespotter.de\\\/#\\\/schema\\\/logo\\\/image\\\/\"}}]}<\/script>\n<!-- \/ Yoast SEO plugin. -->","yoast_head_json":{"title":"Color-Key AIDAmar als exklusives Wandbild kaufen","description":"Ein Kussmund leuchtet auf: Das Wandbild AIDAmar in Color-Key-Optik f\u00e4ngt das Einlaufen in Warnem\u00fcnde kunstvoll ein. Perfekter Kontrast f\u00fcr maritime Deko!","robots":{"index":"index","follow":"follow","max-snippet":"max-snippet:-1","max-image-preview":"max-image-preview:large","max-video-preview":"max-video-preview:-1"},"canonical":"https:\/\/cruisespotter.de\/en\/product\/color-key-aidamar\/","og_locale":"en_GB","og_type":"article","og_title":"Color-Key AIDAmar als exklusives Wandbild kaufen","og_description":"Ein Kussmund leuchtet auf: Das Wandbild AIDAmar in Color-Key-Optik f\u00e4ngt das Einlaufen in Warnem\u00fcnde kunstvoll ein. Perfekter Kontrast f\u00fcr maritime Deko!","og_url":"https:\/\/cruisespotter.de\/en\/product\/color-key-aidamar\/","og_site_name":"Cruisespotter","article_modified_time":"2026-04-21T09:53:24+00:00","og_image":[{"width":1200,"height":800,"url":"https:\/\/cruisespotter.de\/wp-content\/uploads\/2026\/04\/001-wandbild-color-key-aidamar-cs-909109.jpg","type":"image\/jpeg"}],"twitter_card":"summary_large_image","twitter_misc":{"Estimated reading time":"2 minutes"},"schema":{"@context":"https:\/\/schema.org","@graph":[{"@type":"WebPage","@id":"https:\/\/cruisespotter.de\/produkt\/color-key-aidamar\/","url":"https:\/\/cruisespotter.de\/produkt\/color-key-aidamar\/","name":"Color-Key AIDAmar als exklusives Wandbild kaufen","isPartOf":{"@id":"https:\/\/cruisespotter.de\/#website"},"primaryImageOfPage":{"@id":"https:\/\/cruisespotter.de\/produkt\/color-key-aidamar\/#primaryimage"},"image":{"@id":"https:\/\/cruisespotter.de\/produkt\/color-key-aidamar\/#primaryimage"},"thumbnailUrl":"https:\/\/cruisespotter.de\/wp-content\/uploads\/2026\/04\/001-wandbild-color-key-aidamar-cs-909109.jpg","datePublished":"2026-04-15T09:15:29+00:00","dateModified":"2026-04-21T09:53:24+00:00","description":"Ein Kussmund leuchtet auf: Das Wandbild AIDAmar in Color-Key-Optik f\u00e4ngt das Einlaufen in Warnem\u00fcnde kunstvoll ein. Perfekter Kontrast f\u00fcr maritime Deko!","breadcrumb":{"@id":"https:\/\/cruisespotter.de\/produkt\/color-key-aidamar\/#breadcrumb"},"inLanguage":"en-GB","potentialAction":[{"@type":"ReadAction","target":["https:\/\/cruisespotter.de\/produkt\/color-key-aidamar\/"]}]},{"@type":"ImageObject","inLanguage":"en-GB","@id":"https:\/\/cruisespotter.de\/produkt\/color-key-aidamar\/#primaryimage","url":"https:\/\/cruisespotter.de\/wp-content\/uploads\/2026\/04\/001-wandbild-color-key-aidamar-cs-909109.jpg","contentUrl":"https:\/\/cruisespotter.de\/wp-content\/uploads\/2026\/04\/001-wandbild-color-key-aidamar-cs-909109.jpg","width":1200,"height":800,"caption":"Wandbild Color-Key AIDAmar"},{"@type":"BreadcrumbList","@id":"https:\/\/cruisespotter.de\/produkt\/color-key-aidamar\/#breadcrumb","itemListElement":[{"@type":"ListItem","position":1,"name":"Start","item":"https:\/\/cruisespotter.de\/"},{"@type":"ListItem","position":2,"name":"Bordshop","item":"https:\/\/cruisespotter.de\/bordshop\/"},{"@type":"ListItem","position":3,"name":"Color-Key AIDAmar"}]},{"@type":"WebSite","@id":"https:\/\/cruisespotter.de\/#website","url":"https:\/\/cruisespotter.de\/","name":"Cruisespotter","description":"Dein Onlineshop f\u00fcr echte Schiffsfans","publisher":{"@id":"https:\/\/cruisespotter.de\/#organization"},"alternateName":"Cruisespotter","potentialAction":[{"@type":"SearchAction","target":{"@type":"EntryPoint","urlTemplate":"https:\/\/cruisespotter.de\/?s={search_term_string}"},"query-input":{"@type":"PropertyValueSpecification","valueRequired":true,"valueName":"search_term_string"}}],"inLanguage":"en-GB"},{"@type":"Organization","@id":"https:\/\/cruisespotter.de\/#organization","name":"Cruisespotter","alternateName":"Cruisespotter","url":"https:\/\/cruisespotter.de\/","logo":{"@type":"ImageObject","inLanguage":"en-GB","@id":"https:\/\/cruisespotter.de\/#\/schema\/logo\/image\/","url":"https:\/\/cruisespotter.de\/wp-content\/uploads\/2026\/02\/beitrag-logo-cruisespotter-2026.jpg","contentUrl":"https:\/\/cruisespotter.de\/wp-content\/uploads\/2026\/02\/beitrag-logo-cruisespotter-2026.jpg","width":512,"height":512,"caption":"Cruisespotter"},"image":{"@id":"https:\/\/cruisespotter.de\/#\/schema\/logo\/image\/"}}]}},"_links":{"self":[{"href":"https:\/\/cruisespotter.de\/en\/wp-json\/wp\/v2\/product\/41267","targetHints":{"allow":["GET"]}}],"collection":[{"href":"https:\/\/cruisespotter.de\/en\/wp-json\/wp\/v2\/product"}],"about":[{"href":"https:\/\/cruisespotter.de\/en\/wp-json\/wp\/v2\/types\/product"}],"replies":[{"embeddable":true,"href":"https:\/\/cruisespotter.de\/en\/wp-json\/wp\/v2\/comments?post=41267"}],"version-history":[{"count":3,"href":"https:\/\/cruisespotter.de\/en\/wp-json\/wp\/v2\/product\/41267\/revisions"}],"predecessor-version":[{"id":41359,"href":"https:\/\/cruisespotter.de\/en\/wp-json\/wp\/v2\/product\/41267\/revisions\/41359"}],"wp:featuredmedia":[{"embeddable":true,"href":"https:\/\/cruisespotter.de\/en\/wp-json\/wp\/v2\/media\/41352"}],"wp:attachment":[{"href":"https:\/\/cruisespotter.de\/en\/wp-json\/wp\/v2\/media?parent=41267"}],"wp:term":[{"taxonomy":"product_brand","embeddable":true,"href":"https:\/\/cruisespotter.de\/en\/wp-json\/wp\/v2\/product_brand?post=41267"},{"taxonomy":"product_cat","embeddable":true,"href":"https:\/\/cruisespotter.de\/en\/wp-json\/wp\/v2\/product_cat?post=41267"},{"taxonomy":"product_tag","embeddable":true,"href":"https:\/\/cruisespotter.de\/en\/wp-json\/wp\/v2\/product_tag?post=41267"}],"curies":[{"name":"wp","href":"https:\/\/api.w.org\/{rel}","templated":true}]}}